{"id":2495,"date":"2024-01-29T15:48:16","date_gmt":"2024-01-29T14:48:16","guid":{"rendered":"https:\/\/www.ledomainedelaregaliere.fr\/legal-notice\/"},"modified":"2025-04-16T15:48:43","modified_gmt":"2025-04-16T13:48:43","slug":"legal-notice","status":"publish","type":"page","link":"https:\/\/www.ledomainedelaregaliere.fr\/en\/legal-notice\/","title":{"rendered":"Legal notice"},"content":{"rendered":"<p>[et_pb_section fb_built=&#8221;1&#8243; fullwidth=&#8221;on&#8221; module_class=&#8221;ILD_en_tete&#8221; _builder_version=&#8221;4.24.0&#8243; _module_preset=&#8221;default&#8221; locked=&#8221;off&#8221; global_colors_info=&#8221;{}&#8221;][et_pb_fullwidth_slider _builder_version=&#8221;4.24.0&#8243; _module_preset=&#8221;default&#8221; global_colors_info=&#8221;{}&#8221;][et_pb_slide _builder_version=&#8221;4.24.0&#8243; _module_preset=&#8221;default&#8221; background_enable_color=&#8221;off&#8221; background_image=&#8221;http:\/\/www.ledomainedelaregaliere.fr\/wp-content\/uploads\/2024\/04\/img_mentions_legales_domaine_de_la_regaliere_anduze.webp&#8221; background_enable_image=&#8221;on&#8221; background_position=&#8221;bottom_center&#8221; global_colors_info=&#8221;{}&#8221; sticky_transition=&#8221;on&#8221;][\/et_pb_slide][\/et_pb_fullwidth_slider][\/et_pb_section][et_pb_section fb_built=&#8221;1&#8243; _builder_version=&#8221;4.24.0&#8243; _module_preset=&#8221;default&#8221; global_colors_info=&#8221;{}&#8221;][et_pb_row _builder_version=&#8221;4.24.0&#8243; _module_preset=&#8221;default&#8221; global_colors_info=&#8221;{}&#8221;][et_pb_column type=&#8221;4_4&#8243; _builder_version=&#8221;4.24.0&#8243; _module_preset=&#8221;default&#8221; global_colors_info=&#8221;{}&#8221;][et_pb_text module_class=&#8221;ILD_titre_marron_h1 ILD_titre_marron_h2 ILD_titre_marron&#8221; _builder_version=&#8221;4.24.0&#8243; _module_preset=&#8221;default&#8221; hover_enabled=&#8221;0&#8243; locked=&#8221;off&#8221; global_colors_info=&#8221;{}&#8221; sticky_enabled=&#8221;0&#8243;]<\/p>\n<h1><img data-recalc-dims=\"1\" loading=\"lazy\" decoding=\"async\" class=\"wp-image-1909 alignnone size-medium\" src=\"https:\/\/i0.wp.com\/www.ledomainedelaregaliere.fr\/wp-content\/uploads\/2024\/04\/img_logo_domaine_de_la_regaliere_hotel_restaurant_anduze.webp?resize=50%2C50\" alt=\"Logo of Domaine of the R\u00e9gali\u00e8re: hotel, restaurant in Anduze\" width=\"50\" height=\"50\">The website www.ledomainedelaregaliere.com is the official site of Domaine of the R\u00e9gali\u00e8re<\/h1>\n<p>&nbsp;<\/p>\n<h2>Information about the company Domaine of the R\u00e9gali\u00e8re<\/h2>\n<p>&nbsp;<\/p>\n<p>Legal form: Civil real estate company<br \/>Siret: 825 211 485 00016<br \/>Address: Domaine de la R\u00e9gali\u00e8re<br \/>1435 Route de Saint Jean du Gard<br \/>30140 ANDUZE (Gard)<\/p>\n<p>Phone : <a href=\"tel:+33466252201\">+33 (0)4 66 25 22 01<\/a><\/p>\n<p>E-mail : <a href=\"mailto:ledomainedelaregaliere@hotmail.com\">ledomainedelaregaliere@hotmail.com<\/a><\/p>\n<p>&nbsp;<\/p>\n<h2>Publisher of this website<\/h2>\n<p>&nbsp;<\/p>\n<p>Mrs Claudie PASSALACQUA<\/p>\n<p>&nbsp;<\/p>\n<h2>Webmaster of this website<\/h2>\n<p>&nbsp;<\/p>\n<p>Mrs Claudie PASSALACQUA<\/p>\n<p>&nbsp;<\/p>\n<h2>Study, design, and development of this website<\/h2>\n<p>&nbsp;<\/p>\n<p>Soci\u00e9t\u00e9 Index Languedoc D\u00e9veloppement<br \/>2 All\u00e9e de Fontbonne<br \/>30250 VILLEVIEILLE \u2013 France<\/p>\n<p>Phone : <a href=\"tel:+33466930016\">+33 4 66 93 00 16<\/a><br \/>E-mail : <a href=\"mailto:dforner@indexld.com\">dforner@indexld.com<\/a><br \/>Website : <a href=\"http:\/\/www.indexld.com\" target=\"_blank\" rel=\"noopener\">www.indexld.com<\/a><\/p>\n<p>&nbsp;<\/p>\n<h2>Photo credit<\/h2>\n<p>&nbsp;<\/p>\n<p><a href=\"http:\/\/www.ledomainedelaregaliere.fr\">Domaine of the R\u00e9gali\u00e8re<\/a> (all photos and ambiance videos were created in-house)<\/p>\n<p><a href=\"https:\/\/www.flaticon.com\/\" target=\"_blank\" rel=\"noopener\">Flaticon<\/a><\/p>\n<p><a href=\"https:\/\/fr.freepik.com\/\" target=\"_blank\" rel=\"noopener\">Freepik<\/a><\/p>\n<p>&nbsp;<\/p>\n<h2>Hosting this website<\/h2>\n<p>&nbsp;<\/p>\n<p>Soci\u00e9t\u00e9 OVH<br \/>2 rue Kellermann<br \/>59100 ROUBAIX \u2013 France<\/p>\n<p>Phone : <a href=\"tel:+33972101007\">+33 (0)9 72 10 10 07<\/a><br \/>Website : <a href=\"http:\/\/www.ovh.fr\" target=\"_blank\" rel=\"noopener\">www.ovh.fr<\/a><\/p>\n<p>&nbsp;<\/p>\n<h2>Information technology and freedom<\/h2>\n<p>&nbsp;<\/p>\n<h3>Hyperlinks<\/h3>\n<p>&nbsp;<\/p>\n<p>The hypertext links present on the site of the establishments \u201cLe domaine de la R\u00e9gali\u00e8re\u201d and directing the users towards other Internet sites do not engage the responsibility for the establishments \u201cLe domaine de la R\u00e9gali\u00e8re\u201d as for the contents of these sites.<\/p>\n<p>&nbsp;<\/p>\n<h3>Personal data<\/h3>\n<p>&nbsp;<\/p>\n<p>Where data on this site is of a nominative nature, users must use it in accordance with current regulations and the recommendations of the Commission Nationale de l&#8217;Informatique et des Libert\u00e9s (CNIL).<br \/>Information may only be used for personal, associative or professional purposes, and may not be distributed or used for commercial or advertising purposes.<br \/>The recipients of the data are the departments of the \u201cDomaine de la R\u00e9gali\u00e8re\u201d establishments.<br \/>In accordance with the French Data Protection Act of January 6, 1978, you have the right to oppose (article 38), access (article 39) and rectify (article 40) any information concerning you.  <\/p>\n<p>If you wish to exercise this right and obtain information about you, please contact :<br \/>Le domaine de la R\u00e9gali\u00e8re<br \/>1435 Route de Saint Jean du Gard<br \/>30140 ANDUZE<\/p>\n<p>You can also send us an e-mail at the following address: E-mail:<a href=\"mailto:ledomainedelaregaliere@hotmail.com\"> ledomainedelaregaliere@hotmail.com<\/a><\/p>\n<p>&nbsp;<\/p>\n<h3>Copyrights and\/or rights to drawings, photos and texts<\/h3>\n<p>&nbsp;<\/p>\n<p>The present site constitutes a work of which the establishment \u201cLe domaine de la R\u00e9gali\u00e8re\u201d is the author within the meaning of articles L. 111.1 et seq. of the French Intellectual Property Code.<br \/>The photographs, texts, slogans, drawings, images, animated sequences with or without sound, as well as all works integrated into the site, are the property of \u201cLe domaine de la R\u00e9gali\u00e8re\u201d or of third parties who have authorized \u201cLe domaine de la R\u00e9gali\u00e8re\u201d to use them.<br \/>The logos, icons and graphic chips represented on the site are protected by copyright and by articles L.511.1 et seq. of the French Intellectual Property Code concerning the protection of registered designs.<br \/>Reproductions, on paper or by computer, of the said site and the works reproduced therein are authorized provided that they are strictly reserved for personal use excluding any use for advertising and\/or commercial and\/or information purposes and\/or that they comply with the provisions of article L122-5 of the French Intellectual Property Code.<br \/>With the exception of the above provisions, any reproduction, representation, use or modification, by any process whatsoever and on any medium whatsoever, of all or part of the site, of all or part of the various works that make it up, without having obtained the prior authorization of \u201cLe domaine de la R\u00e9gali\u00e8re\u201d, is strictly forbidden and constitutes an infringement of copyright.<\/p>\n<p>[\/et_pb_text][\/et_pb_column][\/et_pb_row][\/et_pb_section]<\/p>\n","protected":false},"excerpt":{"rendered":"<p>The website www.ledomainedelaregaliere.com is the official site of Domaine of the R\u00e9gali\u00e8re &nbsp; Information about the company Domaine of the R\u00e9gali\u00e8re &nbsp; Legal form: Civil real estate companySiret: 825 211 485 00016Address: Domaine de la R\u00e9gali\u00e8re1435 Route de Saint Jean du Gard30140 ANDUZE (Gard) Phone : +33 (0)4 66 25 22 01 E-mail : ledomainedelaregaliere@hotmail.com [&hellip;]<\/p>\n","protected":false},"author":1,"featured_media":0,"parent":0,"menu_order":0,"comment_status":"closed","ping_status":"closed","template":"","meta":{"_et_pb_use_builder":"on","_et_pb_old_content":"","_et_gb_content_width":"","footnotes":""},"class_list":["post-2495","page","type-page","status-publish","hentry"],"jetpack_sharing_enabled":true,"_links":{"self":[{"href":"https:\/\/www.ledomainedelaregaliere.fr\/en\/wp-json\/wp\/v2\/pages\/2495","targetHints":{"allow":["GET"]}}],"collection":[{"href":"https:\/\/www.ledomainedelaregaliere.fr\/en\/wp-json\/wp\/v2\/pages"}],"about":[{"href":"https:\/\/www.ledomainedelaregaliere.fr\/en\/wp-json\/wp\/v2\/types\/page"}],"author":[{"embeddable":true,"href":"https:\/\/www.ledomainedelaregaliere.fr\/en\/wp-json\/wp\/v2\/users\/1"}],"replies":[{"embeddable":true,"href":"https:\/\/www.ledomainedelaregaliere.fr\/en\/wp-json\/wp\/v2\/comments?post=2495"}],"version-history":[{"count":2,"href":"https:\/\/www.ledomainedelaregaliere.fr\/en\/wp-json\/wp\/v2\/pages\/2495\/revisions"}],"predecessor-version":[{"id":2497,"href":"https:\/\/www.ledomainedelaregaliere.fr\/en\/wp-json\/wp\/v2\/pages\/2495\/revisions\/2497"}],"wp:attachment":[{"href":"https:\/\/www.ledomainedelaregaliere.fr\/en\/wp-json\/wp\/v2\/media?parent=2495"}],"curies":[{"name":"wp","href":"https:\/\/api.w.org\/{rel}","templated":true}]}}