{"id":2443,"date":"2024-02-27T11:38:19","date_gmt":"2024-02-27T10:38:19","guid":{"rendered":"https:\/\/www.ledomainedelaregaliere.fr\/premium-room\/"},"modified":"2025-04-10T17:15:47","modified_gmt":"2025-04-10T15:15:47","slug":"premium-room","status":"publish","type":"page","link":"https:\/\/www.ledomainedelaregaliere.fr\/en\/premium-room\/","title":{"rendered":"Premium room"},"content":{"rendered":"<p>[et_pb_section fb_built=&#8221;1&#8243; fullwidth=&#8221;on&#8221; module_class=&#8221;ILD_en_tete&#8221; _builder_version=&#8221;4.24.0&#8243; _module_preset=&#8221;default&#8221; locked=&#8221;off&#8221; global_colors_info=&#8221;{}&#8221;][et_pb_fullwidth_slider _builder_version=&#8221;4.24.0&#8243; _module_preset=&#8221;default&#8221; global_colors_info=&#8221;{}&#8221;][et_pb_slide _builder_version=&#8221;4.24.0&#8243; _module_preset=&#8221;default&#8221; background_enable_color=&#8221;off&#8221; background_image=&#8221;http:\/\/www.ledomainedelaregaliere.fr\/wp-content\/uploads\/2024\/05\/img_chambre_premium_hotel_la_regaliere_anduze.webp&#8221; background_enable_image=&#8221;on&#8221; background_position=&#8221;bottom_center&#8221; global_colors_info=&#8221;{}&#8221; sticky_transition=&#8221;on&#8221;][\/et_pb_slide][\/et_pb_fullwidth_slider][\/et_pb_section][et_pb_section fb_built=&#8221;1&#8243; disabled_on=&#8221;off|off|off&#8221; module_class=&#8221;ild_padding_b_null_responsive&#8221; _builder_version=&#8221;4.24.0&#8243; _module_preset=&#8221;default&#8221; background_image=&#8221;http:\/\/www.ledomainedelaregaliere.fr\/wp-content\/uploads\/2024\/04\/img_background_geometrique_domaine_regaliere.webp&#8221; locked=&#8221;off&#8221; global_colors_info=&#8221;{}&#8221;][et_pb_row column_structure=&#8221;1_2,1_2&#8243; module_id=&#8221;ILD_chambre_confort&#8221; module_class=&#8221;ILD_row_plus_large ILD_centrer_row ild_reverse_responsive&#8221; _builder_version=&#8221;4.24.0&#8243; _module_preset=&#8221;default&#8221; global_colors_info=&#8221;{}&#8221;][et_pb_column type=&#8221;1_2&#8243; _builder_version=&#8221;4.24.0&#8243; _module_preset=&#8221;default&#8221; global_colors_info=&#8221;{}&#8221;][et_pb_gallery gallery_ids=&#8221;2025,2028,2029,2030,2031,2072,2217&#8243; fullwidth=&#8221;on&#8221; module_class=&#8221;ILD_galerie_photo&#8221; _builder_version=&#8221;4.24.0&#8243; _module_preset=&#8221;default&#8221; background_layout=&#8221;dark&#8221; auto=&#8221;on&#8221; auto_speed=&#8221;5000&#8243; hover_enabled=&#8221;0&#8243; global_colors_info=&#8221;{}&#8221; sticky_enabled=&#8221;0&#8243;][\/et_pb_gallery][\/et_pb_column][et_pb_column type=&#8221;1_2&#8243; module_class=&#8221;ild_marge_b_30_responsive&#8221; _builder_version=&#8221;4.24.0&#8243; _module_preset=&#8221;default&#8221; global_colors_info=&#8221;{}&#8221;][et_pb_text module_class=&#8221;ILD_titre_gras ILD_titre_bleu&#8221; _builder_version=&#8221;4.24.0&#8243; _module_preset=&#8221;default&#8221; global_colors_info=&#8221;{}&#8221;]<\/p>\n<h2>The premium room<\/h2>\n<h3> <\/h3>\n<h3>A nature break in the C\u00e9vennes<\/h3>\n<p>&nbsp;<\/p>\n<p>The <strong>&#8216;premium&#8217; room <\/strong>at <strong>Domaine of the R\u00e9gali\u00e8re in Anduze<\/strong> offers an exceptional <strong>lodging <\/strong>experience with a range of high-end services in a room sized between 18 and 22m\u00b2. It features a <strong>private terrace<\/strong> for outdoor relaxation, and modern amenities for optimal comfort, including a spacious bed (160&#215;200 or 200&#215;200, according to your request). Equipped with modern facilities such as Wi-Fi and a flat-screen TV, it ensures a pleasant stay. <strong>Guests <\/strong>can also enjoy access to the pool.   <\/p>\n<p>[\/et_pb_text][et_pb_button button_url=&#8221;https:\/\/premium.logishotels.com\/fo\/booking\/233\/186450\/availability?nbroom=1&amp;specialMode=default&amp;roomtcode=194075&amp;hotelid=186450&amp;numnight=1&amp;m=booking&amp;roomAge1=40&amp;langcode=FR&amp;custid=233&#8243; button_text=&#8221;Book the premium room online&#8221; button_alignment=&#8221;left&#8221; module_class=&#8221;ILD_bouton_gris&#8221; _builder_version=&#8221;4.24.0&#8243; _module_preset=&#8221;default&#8221; global_colors_info=&#8221;{}&#8221;][\/et_pb_button][\/et_pb_column][\/et_pb_row][\/et_pb_section][et_pb_section fb_built=&#8221;1&#8243; module_class=&#8221;ild_padding_t_null_responsive&#8221; _builder_version=&#8221;4.24.0&#8243; _module_preset=&#8221;default&#8221; locked=&#8221;off&#8221; global_colors_info=&#8221;{}&#8221;][et_pb_row column_structure=&#8221;1_2,1_2&#8243; module_class=&#8221;ILD_row_plus_large ILD_centrer_bloc ild_reverse_responsive&#8221; _builder_version=&#8221;4.24.0&#8243; _module_preset=&#8221;default&#8221; global_colors_info=&#8221;{}&#8221;][et_pb_column type=&#8221;1_2&#8243; _builder_version=&#8221;4.24.0&#8243; _module_preset=&#8221;default&#8221; background_image=&#8221;http:\/\/www.ledomainedelaregaliere.fr\/wp-content\/uploads\/2024\/02\/img_logo_domaine_de_la_regaliere_hotel_restaurant_anduze.png&#8221; background_size=&#8221;contain&#8221; global_colors_info=&#8221;{}&#8221;][et_pb_text module_class=&#8221;ILD_titre_marron_h2 ILD_titre_gras&#8221; _builder_version=&#8221;4.24.0&#8243; _module_preset=&#8221;default&#8221; global_colors_info=&#8221;{}&#8221;]<\/p>\n<h2 style=\"text-align: left;\">A countryside weekend in Anduze<\/h2>\n<h3> <\/h3>\n<h3 style=\"text-align: left;\">Book your night at Domaine of the R\u00e9gali\u00e8re<\/h3>\n<p>&nbsp;<\/p>\n<p style=\"text-align: left;\">Our <strong>premium room<\/strong> features:<\/p>\n<p>&nbsp;<\/p>\n<ul>\n<li>A minibar (charges apply)<\/li>\n<li>A courtesy tray (with tea and coffee)<\/li>\n<li>A reversible air conditioning<\/li>\n<li>A superior quality Queen-size bed (sheets or duvet depending on the season)<\/li>\n<li>Superior quality bed linens and towels<\/li>\n<li>A <strong>walk-in shower<\/strong><\/li>\n<li>A programmable alarm on your <strong>room <\/strong>phone<\/li>\n<li>A <strong>private terrace<\/strong><\/li>\n<\/ul>\n<p>[\/et_pb_text][et_pb_button button_url=&#8221;https:\/\/premium.logishotels.com\/fo\/booking\/233\/186450\/availability?nbroom=1&amp;specialMode=default&amp;roomtcode=194075&amp;hotelid=186450&amp;numnight=1&amp;m=booking&amp;roomAge1=40&amp;langcode=FR&amp;custid=233&#8243; button_text=&#8221;Book online at our hotel in Anduze&#8221; button_alignment=&#8221;left&#8221; module_class=&#8221;ILD_bouton_marron&#8221; _builder_version=&#8221;4.24.0&#8243; _module_preset=&#8221;default&#8221; global_colors_info=&#8221;{}&#8221;][\/et_pb_button][\/et_pb_column][et_pb_column type=&#8221;1_2&#8243; module_class=&#8221;ild_padding_b_60_responsive&#8221; _builder_version=&#8221;4.24.0&#8243; _module_preset=&#8221;default&#8221; global_colors_info=&#8221;{}&#8221;][et_pb_blurb image=&#8221;http:\/\/www.ledomainedelaregaliere.fr\/wp-content\/uploads\/2024\/02\/img_icone_petit_dejeuner_hotel_la_regaliere_cevennes.png&#8221; alt=&#8221;Book your room with breakfast at our hotel in Anduze&#8221; disabled_on=&#8221;on|on|on&#8221; module_class=&#8221;ILD_width_150&#8243; _builder_version=&#8221;4.24.0&#8243; _module_preset=&#8221;default&#8221; disabled=&#8221;on&#8221; global_colors_info=&#8221;{}&#8221;]<\/p>\n<p style=\"text-align: center;\">No breakfast included<\/p>\n<p>[\/et_pb_blurb][et_pb_blurb image=&#8221;http:\/\/www.ledomainedelaregaliere.fr\/wp-content\/uploads\/2024\/02\/img_horaires_arrivee_hotel_nuit_anduze.png&#8221; alt=&#8221;Discover our check-in times at Domaine of the R\u00e9gali\u00e8re hotel in Anduze&#8221; module_class=&#8221;ILD_width_150&#8243; _builder_version=&#8221;4.24.0&#8243; _module_preset=&#8221;default&#8221; global_colors_info=&#8221;{}&#8221;]<\/p>\n<p style=\"text-align: center;\">Check-in between 3:00 PM and 11:00 PM<\/p>\n<p>[\/et_pb_blurb][\/et_pb_column][\/et_pb_row][\/et_pb_section]<\/p>\n","protected":false},"excerpt":{"rendered":"<p>The premium room A nature break in the C\u00e9vennes &nbsp; The &#8216;premium&#8217; room at Domaine of the R\u00e9gali\u00e8re in Anduze offers an exceptional lodging experience with a range of high-end services in a room sized between 18 and 22m\u00b2. It features a private terrace for outdoor relaxation, and modern amenities for optimal comfort, including a [&hellip;]<\/p>\n","protected":false},"author":1,"featured_media":0,"parent":0,"menu_order":0,"comment_status":"closed","ping_status":"closed","template":"","meta":{"_et_pb_use_builder":"on","_et_pb_old_content":"","_et_gb_content_width":"","footnotes":""},"class_list":["post-2443","page","type-page","status-publish","hentry"],"jetpack_sharing_enabled":true,"_links":{"self":[{"href":"https:\/\/www.ledomainedelaregaliere.fr\/en\/wp-json\/wp\/v2\/pages\/2443","targetHints":{"allow":["GET"]}}],"collection":[{"href":"https:\/\/www.ledomainedelaregaliere.fr\/en\/wp-json\/wp\/v2\/pages"}],"about":[{"href":"https:\/\/www.ledomainedelaregaliere.fr\/en\/wp-json\/wp\/v2\/types\/page"}],"author":[{"embeddable":true,"href":"https:\/\/www.ledomainedelaregaliere.fr\/en\/wp-json\/wp\/v2\/users\/1"}],"replies":[{"embeddable":true,"href":"https:\/\/www.ledomainedelaregaliere.fr\/en\/wp-json\/wp\/v2\/comments?post=2443"}],"version-history":[{"count":2,"href":"https:\/\/www.ledomainedelaregaliere.fr\/en\/wp-json\/wp\/v2\/pages\/2443\/revisions"}],"predecessor-version":[{"id":2445,"href":"https:\/\/www.ledomainedelaregaliere.fr\/en\/wp-json\/wp\/v2\/pages\/2443\/revisions\/2445"}],"wp:attachment":[{"href":"https:\/\/www.ledomainedelaregaliere.fr\/en\/wp-json\/wp\/v2\/media?parent=2443"}],"curies":[{"name":"wp","href":"https:\/\/api.w.org\/{rel}","templated":true}]}}