{"id":2434,"date":"2024-01-29T15:43:58","date_gmt":"2024-01-29T14:43:58","guid":{"rendered":"https:\/\/www.ledomainedelaregaliere.fr\/news-and-offers\/"},"modified":"2025-04-22T09:45:31","modified_gmt":"2025-04-22T07:45:31","slug":"news-and-offers","status":"publish","type":"page","link":"https:\/\/www.ledomainedelaregaliere.fr\/en\/news-and-offers\/","title":{"rendered":"News and offers"},"content":{"rendered":"<p>[et_pb_section fb_built=&#8221;1&#8243; fullwidth=&#8221;on&#8221; module_class=&#8221;ILD_en_tete&#8221; _builder_version=&#8221;4.24.0&#8243; _module_preset=&#8221;default&#8221; locked=&#8221;off&#8221; global_colors_info=&#8221;{}&#8221;][et_pb_fullwidth_slider _builder_version=&#8221;4.24.0&#8243; _module_preset=&#8221;default&#8221; global_colors_info=&#8221;{}&#8221;][et_pb_slide _builder_version=&#8221;4.24.0&#8243; _module_preset=&#8221;default&#8221; background_enable_color=&#8221;off&#8221; background_image=&#8221;http:\/\/www.ledomainedelaregaliere.fr\/wp-content\/uploads\/2024\/04\/img_services_offres_domaine_de_la_regaliere_anduze.webp&#8221; background_enable_image=&#8221;on&#8221; global_colors_info=&#8221;{}&#8221; sticky_transition=&#8221;on&#8221;][\/et_pb_slide][\/et_pb_fullwidth_slider][\/et_pb_section][et_pb_section fb_built=&#8221;1&#8243; _builder_version=&#8221;4.24.0&#8243; _module_preset=&#8221;default&#8221; locked=&#8221;off&#8221; global_colors_info=&#8221;{}&#8221;][et_pb_row column_structure=&#8221;1_2,1_2&#8243; module_class=&#8221;ILD_row_plus_large ILD_centrer_row ild_reverse_responsive&#8221; _builder_version=&#8221;4.24.0&#8243; _module_preset=&#8221;default&#8221; global_colors_info=&#8221;{}&#8221;][et_pb_column type=&#8221;1_2&#8243; _builder_version=&#8221;4.24.0&#8243; _module_preset=&#8221;default&#8221; global_colors_info=&#8221;{}&#8221;][et_pb_image src=&#8221;http:\/\/www.ledomainedelaregaliere.fr\/wp-content\/uploads\/2024\/02\/img_service_piscine_hotel_restaurant_gard.jpg&#8221; alt=&#8221;Domaine of the R\u00e9gali\u00e8re offers its guests a relaxing space with a pool in the Gard region&#8221; title_text=&#8221;Domaine of the R\u00e9gali\u00e8re offers its guests a relaxing space with a pool in the Gard region&#8221; module_class=&#8221;ild_img_plein_ecran_responsive&#8221; _builder_version=&#8221;4.24.0&#8243; _module_preset=&#8221;default&#8221; global_colors_info=&#8221;{}&#8221;][\/et_pb_image][\/et_pb_column][et_pb_column type=&#8221;1_2&#8243; module_class=&#8221;ild_marge_b_30_responsive&#8221; _builder_version=&#8221;4.24.0&#8243; _module_preset=&#8221;default&#8221; global_colors_info=&#8221;{}&#8221;][et_pb_text module_class=&#8221;ILD_titre_marron_h1&#8243; _builder_version=&#8221;4.24.0&#8243; _module_preset=&#8221;default&#8221; global_colors_info=&#8221;{}&#8221;]<\/p>\n<h1 class=\"ILD_texte_gras\">Sun-soaked relaxation and refreshment by the pool<\/h1>\n<p>&nbsp;<\/p>\n<h2>Enjoy comfortable sun loungers and refreshing drinks<\/h2>\n<p>&nbsp;<\/p>\n<p>Discover our <strong>outdoor pool <\/strong>\u2014 a <strong>relaxing 8 by 5.5 meter space<\/strong> with a depth of up to 1.7 meters, reserved exclusively for our guests. While the area is unfortunately not accessible to <strong>guests with reduced mobility<\/strong> (please feel free to contact us to discuss possible alternatives), it is fully equipped for your comfort: a <strong>pool house<\/strong>, restrooms, changing cabins, a shower with soap dispenser, and sun loungers for peaceful relaxation by the <strong>water<\/strong>. For those sensitive to the heat, umbrellas are also available.  <\/p>\n<p>The <strong>pool <\/strong>is carefully maintained and cleaned to ensure you enjoy<strong> a perfect day of relaxation and refreshment in Anduze<\/strong>. You can also sip on a cocktail or a refreshing drink without ever leaving this idyllic setting. <\/p>\n<p>Don&#8217;t forget to pack your swimsuit!<\/p>\n<p>Before entering the pool, a shower is required (shower gel is provided on site). Please remove your shoes before accessing the <strong>pool area<\/strong>. Children under three must wear <strong>swim<\/strong>-appropriate diapers, and minors must be accompanied by an adult for their safety. If you wish to smoke or vape, please do so respectfully and without disturbing other guests. Lastly, for safety reasons, please exit the pool in the event of a thunderstorm.    <\/p>\n<p>[\/et_pb_text][et_pb_button button_url=&#8221;@ET-DC@eyJkeW5hbWljIjp0cnVlLCJjb250ZW50IjoicG9zdF9saW5rX3VybF9wYWdlIiwic2V0dGluZ3MiOnsicG9zdF9pZCI6IjI1IiwiZW5hYmxlX2h0bWwiOiJvZmYifX0=@&#8221; button_text=&#8221;Contact our hotel and restaurant in Anduze&#8221; module_class=&#8221;ILD_bouton_marron&#8221; _builder_version=&#8221;4.24.0&#8243; _dynamic_attributes=&#8221;button_url&#8221; _module_preset=&#8221;default&#8221; global_colors_info=&#8221;{}&#8221;][\/et_pb_button][\/et_pb_column][\/et_pb_row][\/et_pb_section][et_pb_section fb_built=&#8221;1&#8243; _builder_version=&#8221;4.24.0&#8243; _module_preset=&#8221;default&#8221; background_image=&#8221;http:\/\/www.ledomainedelaregaliere.fr\/wp-content\/uploads\/2024\/04\/img_background_geometrique_domaine_regaliere.webp&#8221; locked=&#8221;off&#8221; global_colors_info=&#8221;{}&#8221;][et_pb_row _builder_version=&#8221;4.24.0&#8243; _module_preset=&#8221;default&#8221; global_colors_info=&#8221;{}&#8221;][et_pb_column type=&#8221;4_4&#8243; _builder_version=&#8221;4.24.0&#8243; _module_preset=&#8221;default&#8221; global_colors_info=&#8221;{}&#8221;][et_pb_text module_class=&#8221;ILD_titre_bleu&#8221; _builder_version=&#8221;4.24.0&#8243; _module_preset=&#8221;default&#8221; global_colors_info=&#8221;{}&#8221;]<\/p>\n<h2 class=\"ILD_texte_gras\" style=\"text-align: center;\">Domaine of the R\u00e9gali\u00e8re: a wide range of services for our guests<\/h2>\n<h3> <\/h3>\n<h3 style=\"text-align: center;\">Comfort, entertainment, and convenience in this hotel and restaurant at the gateway to the C\u00e9vennes<\/h3>\n<p>[\/et_pb_text][\/et_pb_column][\/et_pb_row][et_pb_row column_structure=&#8221;1_2,1_2&#8243; make_equal=&#8221;on&#8221; module_class=&#8221;ILD_row_plus_large ILD_deux_colonnes  ILD_large &#8221; _builder_version=&#8221;4.24.0&#8243; _module_preset=&#8221;default&#8221; global_colors_info=&#8221;{}&#8221;][et_pb_column type=&#8221;1_2&#8243; module_class=&#8221;ILD_display_flex ILD_background_blanc ild_flex_colonne_tel&#8221; _builder_version=&#8221;4.24.0&#8243; _module_preset=&#8221;default&#8221; global_colors_info=&#8221;{}&#8221;][et_pb_code disabled_on=&#8221;on|on|off&#8221; module_class=&#8221;ILD_code_colonne_gauche&#8221; _builder_version=&#8221;4.24.0&#8243; _module_preset=&#8221;default&#8221; background_image=&#8221;http:\/\/www.ledomainedelaregaliere.fr\/wp-content\/uploads\/2024\/04\/img_service_wifi_gratuit_hotel_restaurant_anduze.webp&#8221; global_colors_info=&#8221;{}&#8221;][\/et_pb_code][et_pb_image src=&#8221;http:\/\/www.ledomainedelaregaliere.fr\/wp-content\/uploads\/2024\/04\/img_service_wifi_gratuit_hotel_restaurant_anduze.webp&#8221; alt=&#8221;The hotel at Domaine of the R\u00e9gali\u00e8re offers free Wi-Fi access to its guests in the Pi\u00e9mont C\u00e9venol&#8221; title_text=&#8221;The hotel at Domaine of the R\u00e9gali\u00e8re offers free Wi-Fi access to its guests in the Pi\u00e9mont C\u00e9venol&#8221; disabled_on=&#8221;off|off|on&#8221; module_class=&#8221;ILD_width_50 ILD_margin_bottom_0&#8243; _builder_version=&#8221;4.24.0&#8243; _module_preset=&#8221;default&#8221; global_colors_info=&#8221;{}&#8221;][\/et_pb_image][et_pb_text module_class=&#8221;ILD_padding_20 ILD_width_50&#8243; _builder_version=&#8221;4.24.0&#8243; _module_preset=&#8221;default&#8221; global_colors_info=&#8221;{}&#8221;]<\/p>\n<h4 class=\"ILD_texte_gras\">Wi-Fi access<\/h4>\n<p>&nbsp;<\/p>\n<p>We understand that staying connected is more than just a convenience \u2014 even on <strong>holiday<\/strong>, and especially during<strong> business trips<\/strong>. That\u2019s why we offer <strong>free Wi-Fi<\/strong> to all our guests, whether you&#8217;re staying at the <strong>hotel <\/strong>or simply enjoying a <strong>meal at our restaurant<\/strong>. To access it, just ask for the login details at reception.  <\/p>\n<p>&nbsp;<\/p>\n<p style=\"text-align: left;\"><a href=\"https:\/\/www.ledomainedelaregaliere.fr\/hotel-chambre-piscine-anduze\/\" target=\"_blank\" rel=\"noopener\">Discover our rooms<\/a><\/p>\n<p>[\/et_pb_text][\/et_pb_column][et_pb_column type=&#8221;1_2&#8243; module_class=&#8221;ILD_display_flex ILD_background_blanc ild_flex_colonne_tel&#8221; _builder_version=&#8221;4.24.0&#8243; _module_preset=&#8221;default&#8221; global_colors_info=&#8221;{}&#8221;][et_pb_code disabled_on=&#8221;on|on|off&#8221; module_class=&#8221;ILD_code_colonne_gauche&#8221; _builder_version=&#8221;4.24.0&#8243; _module_preset=&#8221;default&#8221; background_image=&#8221;http:\/\/www.ledomainedelaregaliere.fr\/wp-content\/uploads\/2024\/04\/img_service_reveil_hotel_chambre_cevennes.webp&#8221; global_colors_info=&#8221;{}&#8221;][\/et_pb_code][et_pb_image src=&#8221;http:\/\/www.ledomainedelaregaliere.fr\/wp-content\/uploads\/2024\/04\/img_service_reveil_hotel_chambre_cevennes.webp&#8221; alt=&#8221;Upon request, breakfast can be served in your room at the Domaine de la R\u00e9gali\u00e8re hotel in Anduze&#8221; title_text=&#8221;Upon request, breakfast can be served in your room at the Domaine de la R\u00e9gali\u00e8re hotel in Anduze&#8221; disabled_on=&#8221;off|off|on&#8221; module_class=&#8221;ILD_width_50 ILD_margin_bottom_0&#8243; _builder_version=&#8221;4.24.0&#8243; _module_preset=&#8221;default&#8221; global_colors_info=&#8221;{}&#8221;][\/et_pb_image][et_pb_text module_class=&#8221;ILD_padding_20 ILD_width_50&#8243; _builder_version=&#8221;4.24.0&#8243; _module_preset=&#8221;default&#8221; global_colors_info=&#8221;{}&#8221;]<\/p>\n<h4 class=\"ILD_texte_gras\">Wake-up service<\/h4>\n<p>&nbsp;<\/p>\n<p>At <strong>Domaine of the R\u00e9gali\u00e8re<\/strong>, we are committed to making your <strong>stay <\/strong>as comfortable and worry-free as possible. That\u2019s why we offer a <strong>wake-up service<\/strong>, designed to help you start your day gently. Whether you have an important meeting, a planned excursion, or simply want to enjoy the sunrise, our <strong>wake-up service<\/strong> is here for you. Just ask at reception to arrange it.   <\/p>\n<p>&nbsp;<\/p>\n<p><a href=\"https:\/\/www.ledomainedelaregaliere.fr\/restaurant-petit-dejeuner-cevennes\/\">Learn more about our breakfasts<\/a><\/p>\n<p>[\/et_pb_text][\/et_pb_column][\/et_pb_row][et_pb_row column_structure=&#8221;1_2,1_2&#8243; make_equal=&#8221;on&#8221; module_class=&#8221;ILD_row_plus_large ILD_deux_colonnes  ILD_large&#8221; _builder_version=&#8221;4.24.0&#8243; _module_preset=&#8221;default&#8221; global_colors_info=&#8221;{}&#8221;][et_pb_column type=&#8221;1_2&#8243; module_class=&#8221;ILD_display_flex ILD_background_blanc ild_flex_colonne_tel ild_column_reverse_responsive&#8221; _builder_version=&#8221;4.24.0&#8243; _module_preset=&#8221;default&#8221; global_colors_info=&#8221;{}&#8221;][et_pb_text disabled_on=&#8221;off|off|off&#8221; module_class=&#8221;ILD_padding_20 ILD_width_50&#8243; _builder_version=&#8221;4.24.0&#8243; _module_preset=&#8221;default&#8221; global_colors_info=&#8221;{}&#8221;]<\/p>\n<h4 class=\"ILD_texte_gras\">Board games<\/h4>\n<p>&nbsp;<\/p>\n<p>We invite you to rediscover the joy of game nights with our collection of<strong> board games<\/strong>. Whether you&#8217;re a fan of strategic challenges like chess, a word enthusiast enjoying Scrabble, or simply prefer the luck of the draw with card games, our selection is perfect for a <strong>relaxed afternoon or evening<\/strong>. And for book lovers, our <strong>library <\/strong>\u2014 available at reception \u2014 offers a variety of books for both children and adults.  <\/p>\n<p>&nbsp;<\/p>\n<p><a href=\"https:\/\/www.ledomainedelaregaliere.fr\/visite-tourisme-anduze-hotel-restaurant\/\">Discover Anduze and its surroundings<\/a><\/p>\n<p>[\/et_pb_text][et_pb_code disabled_on=&#8221;on|on|off&#8221; module_class=&#8221;ILD_code_colonne_droit&#8221; _builder_version=&#8221;4.24.0&#8243; _module_preset=&#8221;default&#8221; background_image=&#8221;http:\/\/www.ledomainedelaregaliere.fr\/wp-content\/uploads\/2024\/04\/img_service_divertissement_jeux_societe_domaine_de_la_regaliere.webp&#8221; global_colors_info=&#8221;{}&#8221;][\/et_pb_code][et_pb_image src=&#8221;http:\/\/www.ledomainedelaregaliere.fr\/wp-content\/uploads\/2024\/04\/img_service_divertissement_jeux_societe_domaine_de_la_regaliere.webp&#8221; alt=&#8221;Enjoy entertainment and board games at Domaine of the R\u00e9gali\u00e8re near N\u00eemes&#8221; title_text=&#8221;Enjoy entertainment and board games at Domaine of the R\u00e9gali\u00e8re near N\u00eemes&#8221; disabled_on=&#8221;off|off|on&#8221; module_class=&#8221;ILD_width_50 ILD_margin_bottom_0&#8243; _builder_version=&#8221;4.24.0&#8243; _module_preset=&#8221;default&#8221; global_colors_info=&#8221;{}&#8221;][\/et_pb_image][\/et_pb_column][et_pb_column type=&#8221;1_2&#8243; module_class=&#8221;ILD_display_flex ILD_background_blanc ild_flex_colonne_tel ild_column_reverse_responsive&#8221; _builder_version=&#8221;4.24.0&#8243; _module_preset=&#8221;default&#8221; global_colors_info=&#8221;{}&#8221;][et_pb_text disabled_on=&#8221;off|off|off&#8221; module_class=&#8221;ILD_padding_20 ILD_width_50&#8243; _builder_version=&#8221;4.24.0&#8243; _module_preset=&#8221;default&#8221; global_colors_info=&#8221;{}&#8221;]<\/p>\n<h4 class=\"ILD_texte_gras\">Equipment for your exploration<\/h4>\n<p>&nbsp;<\/p>\n<p>Explore <strong>Anduze <\/strong>and the <strong>C\u00e9vennes <\/strong>at your own pace with our <strong>bike rental <\/strong>service at <strong>Domaine of the R\u00e9gali\u00e8re<\/strong>. Perfect for <a href=\"https:\/\/cevennesbiketour.com\/index.html\" target=\"_blank\" rel=\"noopener\">adventure seekers<\/a> or those simply looking for a peaceful ride to take in the surrounding landscape. To complete your excursion, we also offer <strong>picnic baskets<\/strong>, thoughtfully prepared for you to enjoy a delicious<strong> meal in the heart of nature<\/strong>.  <\/p>\n<p>&nbsp;<\/p>\n<p><a href=\"https:\/\/www.ledomainedelaregaliere.fr\/location-de-velos-et-pique-nique\/\">Learn more about this service<\/a><\/p>\n<p>[\/et_pb_text][et_pb_code disabled_on=&#8221;on|on|off&#8221; module_class=&#8221;ILD_code_colonne_droit&#8221; _builder_version=&#8221;4.24.0&#8243; _module_preset=&#8221;default&#8221; background_image=&#8221;http:\/\/www.ledomainedelaregaliere.fr\/wp-content\/uploads\/2025\/04\/img_service_location_velo_pique_nique_anduze_alentours.webp&#8221; global_colors_info=&#8221;{}&#8221;][\/et_pb_code][et_pb_image src=&#8221;http:\/\/www.ledomainedelaregaliere.fr\/wp-content\/uploads\/2025\/04\/img_service_location_velo_pique_nique_anduze_alentours.webp&#8221; alt=&#8221;Our hotel offers bike rentals and picnic baskets to explore the region&#8221; title_text=&#8221;Our hotel offers bike rentals and picnic baskets to explore the region&#8221; disabled_on=&#8221;off|off|on&#8221; module_class=&#8221;ILD_width_50 ILD_margin_bottom_0&#8243; _builder_version=&#8221;4.24.0&#8243; _module_preset=&#8221;default&#8221; global_colors_info=&#8221;{}&#8221;][\/et_pb_image][\/et_pb_column][\/et_pb_row][\/et_pb_section][et_pb_section fb_built=&#8221;1&#8243; specialty=&#8221;on&#8221; module_class=&#8221;ILD_row_plus_large ILD_margin_auto&#8221; _builder_version=&#8221;4.24.0&#8243; _module_preset=&#8221;default&#8221; global_colors_info=&#8221;{}&#8221;][et_pb_column type=&#8221;1_2&#8243; _builder_version=&#8221;4.16&#8243; custom_padding=&#8221;|||&#8221; global_colors_info=&#8221;{}&#8221; custom_padding__hover=&#8221;|||&#8221;][et_pb_text module_class=&#8221;ILD_titre_marron_h2&#8243; _builder_version=&#8221;4.24.0&#8243; _module_preset=&#8221;default&#8221; background_image=&#8221;http:\/\/www.ledomainedelaregaliere.fr\/wp-content\/uploads\/2024\/06\/img_background_hotel_restaurant_anduze-2.webp&#8221; background_size=&#8221;contain&#8221; global_colors_info=&#8221;{}&#8221;]<\/p>\n<h2 class=\"ILD_texte_gras\" style=\"text-align: center;\">An environmental commitment at Domaine of the R\u00e9gali\u00e8re<\/h2>\n<h3> <\/h3>\n<h3 style=\"text-align: center;\">Eco-friendly practices to reduce our environmental impact<\/h3>\n<p>&nbsp;<\/p>\n<p style=\"text-align: center;\">Our team changes your bed linens once a week, or as needed, and your towels once they are used (shower tray or bathtub).<\/p>\n<p style=\"text-align: center;\">Here are some tips our guests can follow to contribute to the environment during their <strong>stay in Anduze<\/strong>.<\/p>\n<p>[\/et_pb_text][\/et_pb_column][et_pb_column type=&#8221;1_2&#8243; specialty_columns=&#8221;2&#8243; _builder_version=&#8221;4.16&#8243; custom_padding=&#8221;|||&#8221; global_colors_info=&#8221;{}&#8221; custom_padding__hover=&#8221;|||&#8221;][et_pb_row_inner column_structure=&#8221;1_3,1_3,1_3&#8243; _builder_version=&#8221;4.24.0&#8243; _module_preset=&#8221;default&#8221; global_colors_info=&#8221;{}&#8221;][et_pb_column_inner type=&#8221;1_3&#8243; saved_specialty_column_type=&#8221;1_2&#8243; _builder_version=&#8221;4.24.0&#8243; _module_preset=&#8221;default&#8221; global_colors_info=&#8221;{}&#8221;][et_pb_blurb image=&#8221;http:\/\/www.ledomainedelaregaliere.fr\/wp-content\/uploads\/2024\/02\/img_engagement_eco_responsable_lumiere_hotel_anduze.png&#8221; alt=&#8221;Domaine of the R\u00e9gali\u00e8re is committed to raising awareness among its guests to reduce the hotel&apos;s environmental impact in Anduze.&#8221; module_class=&#8221;ILD_height_50&#8243; _builder_version=&#8221;4.24.0&#8243; _module_preset=&#8221;default&#8221; global_colors_info=&#8221;{}&#8221;]<\/p>\n<p style=\"text-align: center;\">I turn off the lights when I leave my room.<\/p>\n<p>[\/et_pb_blurb][\/et_pb_column_inner][et_pb_column_inner type=&#8221;1_3&#8243; saved_specialty_column_type=&#8221;1_2&#8243; _builder_version=&#8221;4.24.0&#8243; _module_preset=&#8221;default&#8221; global_colors_info=&#8221;{}&#8221;][et_pb_blurb image=&#8221;http:\/\/www.ledomainedelaregaliere.fr\/wp-content\/uploads\/2024\/02\/img_demarcehe_eco_responsable_linge_hotel_cevennes.png&#8221; alt=&#8221;The hotel is committed to an eco-friendly approach with your linens at the gateway to the C\u00e9vennes.&#8221; module_class=&#8221;ILD_height_50&#8243; _builder_version=&#8221;4.24.0&#8243; _module_preset=&#8221;default&#8221; global_colors_info=&#8221;{}&#8221;]<\/p>\n<p style=\"text-align: center;\">I only change the used linens.<\/p>\n<p>[\/et_pb_blurb][\/et_pb_column_inner][et_pb_column_inner type=&#8221;1_3&#8243; saved_specialty_column_type=&#8221;1_2&#8243; _builder_version=&#8221;4.24.0&#8243; _module_preset=&#8221;default&#8221; global_colors_info=&#8221;{}&#8221;][et_pb_blurb image=&#8221;http:\/\/www.ledomainedelaregaliere.fr\/wp-content\/uploads\/2024\/02\/img_impact_environnemental_chauffage_hotel_piemont_cevenol.png&#8221; alt=&#8221;Domaine of the R\u00e9gali\u00e8re reduces its environmental impact regarding heating in its hotel in Anduze.&#8221; module_class=&#8221;ILD_height_50&#8243; _builder_version=&#8221;4.24.0&#8243; _module_preset=&#8221;default&#8221; global_colors_info=&#8221;{}&#8221;]<\/p>\n<p style=\"text-align: center;\">I turn off the heating when I open the window.<\/p>\n<p>[\/et_pb_blurb][\/et_pb_column_inner][\/et_pb_row_inner][et_pb_row_inner column_structure=&#8221;1_3,1_3,1_3&#8243; _builder_version=&#8221;4.24.0&#8243; _module_preset=&#8221;default&#8221; global_colors_info=&#8221;{}&#8221;][et_pb_column_inner type=&#8221;1_3&#8243; saved_specialty_column_type=&#8221;1_2&#8243; _builder_version=&#8221;4.24.0&#8243; _module_preset=&#8221;default&#8221; global_colors_info=&#8221;{}&#8221;][et_pb_blurb image=&#8221;http:\/\/www.ledomainedelaregaliere.fr\/wp-content\/uploads\/2024\/02\/img_sensibilisation_client_environnement_douche_hotel_anduze.png&#8221; alt=&#8221;We raise awareness among our guests about the environmental impact of showers in our hotel in Anduze.&#8221; module_class=&#8221;ILD_height_50&#8243; _builder_version=&#8221;4.24.0&#8243; _module_preset=&#8221;default&#8221; global_colors_info=&#8221;{}&#8221;]<\/p>\n<p style=\"text-align: center;\">I turn off the water while I soap up in the shower.<\/p>\n<p>[\/et_pb_blurb][\/et_pb_column_inner][et_pb_column_inner type=&#8221;1_3&#8243; saved_specialty_column_type=&#8221;1_2&#8243; _builder_version=&#8221;4.24.0&#8243; _module_preset=&#8221;default&#8221; global_colors_info=&#8221;{}&#8221;][et_pb_blurb image=&#8221;http:\/\/www.ledomainedelaregaliere.fr\/wp-content\/uploads\/2024\/02\/img_geste_eco_responsable_robinet_hotel_cevennes.png&#8221; alt=&#8221;Make an eco-friendly gesture with the taps in our hotel at the gateway to the C\u00e9vennes.&#8221; module_class=&#8221;ILD_height_50&#8243; _builder_version=&#8221;4.24.0&#8243; _module_preset=&#8221;default&#8221; global_colors_info=&#8221;{}&#8221;]<\/p>\n<p style=\"text-align: center;\">I turn off the taps after use.<\/p>\n<p>[\/et_pb_blurb][\/et_pb_column_inner][et_pb_column_inner type=&#8221;1_3&#8243; saved_specialty_column_type=&#8221;1_2&#8243; _builder_version=&#8221;4.24.0&#8243; _module_preset=&#8221;default&#8221; global_colors_info=&#8221;{}&#8221;][et_pb_blurb image=&#8221;http:\/\/www.ledomainedelaregaliere.fr\/wp-content\/uploads\/2024\/02\/img_sensibilisation_triage_dechets_hotel_piemont_cevenol.png&#8221; alt=&#8221;Domaine of the R\u00e9gali\u00e8re raises awareness among its guests about waste sorting in the Pi\u00e9mont C\u00e9venol.&#8221; module_class=&#8221;ILD_height_50&#8243; _builder_version=&#8221;4.24.0&#8243; _module_preset=&#8221;default&#8221; global_colors_info=&#8221;{}&#8221;]<\/p>\n<p style=\"text-align: center;\">I sort my waste.<\/p>\n<p>[\/et_pb_blurb][\/et_pb_column_inner][\/et_pb_row_inner][\/et_pb_column][\/et_pb_section][et_pb_section fb_built=&#8221;1&#8243; _builder_version=&#8221;4.24.0&#8243; _module_preset=&#8221;default&#8221; locked=&#8221;off&#8221; global_colors_info=&#8221;{}&#8221;][et_pb_row _builder_version=&#8221;4.24.0&#8243; _module_preset=&#8221;default&#8221; global_colors_info=&#8221;{}&#8221;][et_pb_column type=&#8221;4_4&#8243; _builder_version=&#8221;4.24.0&#8243; _module_preset=&#8221;default&#8221; global_colors_info=&#8221;{}&#8221;][et_pb_text module_class=&#8221;ILD_titre_bleu&#8221; _builder_version=&#8221;4.24.0&#8243; _module_preset=&#8221;default&#8221; global_colors_info=&#8221;{}&#8221;]<\/p>\n<h2 class=\"ILD_texte_gras\" style=\"text-align: center;\">The latest events at our hotel and restaurant in Anduze<\/h2>\n<h3> <\/h3>\n<h3 style=\"text-align: center;\">Discover the latest news, special offers, or new services at our establishment<\/h3>\n<p>[\/et_pb_text][\/et_pb_column][\/et_pb_row][et_pb_row module_class=&#8221;ILD_row_plus_large&#8221; _builder_version=&#8221;4.24.0&#8243; _module_preset=&#8221;default&#8221; global_colors_info=&#8221;{}&#8221;][et_pb_column type=&#8221;4_4&#8243; _builder_version=&#8221;4.24.0&#8243; _module_preset=&#8221;default&#8221; global_colors_info=&#8221;{}&#8221;][et_pb_blog fullwidth=&#8221;off&#8221; posts_number=&#8221;100&#8243; include_categories=&#8221;2&#8243; excerpt_length=&#8221;150&#8243; show_more=&#8221;on&#8221; show_author=&#8221;off&#8221; show_date=&#8221;off&#8221; show_categories=&#8221;off&#8221; show_pagination=&#8221;off&#8221; module_class=&#8221;ILD_titre_blanc ILD_texte_blanc ILD_titre_gras ILD_bouton_marron_article ILD_background_noir_transparent ILD_articles_blog&#8221; _builder_version=&#8221;4.24.0&#8243; _module_preset=&#8221;default&#8221; hover_enabled=&#8221;0&#8243; global_colors_info=&#8221;{}&#8221; sticky_enabled=&#8221;0&#8243;][\/et_pb_blog][\/et_pb_column][\/et_pb_row][\/et_pb_section]<\/p>\n","protected":false},"excerpt":{"rendered":"<p>Sun-soaked relaxation and refreshment by the pool &nbsp; Enjoy comfortable sun loungers and refreshing drinks &nbsp; Discover our outdoor pool \u2014 a relaxing 8 by 5.5 meter space with a depth of up to 1.7 meters, reserved exclusively for our guests. While the area is unfortunately not accessible to guests with reduced mobility (please feel [&hellip;]<\/p>\n","protected":false},"author":1,"featured_media":0,"parent":0,"menu_order":0,"comment_status":"closed","ping_status":"closed","template":"","meta":{"_et_pb_use_builder":"on","_et_pb_old_content":"","_et_gb_content_width":"","footnotes":""},"class_list":["post-2434","page","type-page","status-publish","hentry"],"jetpack_sharing_enabled":true,"_links":{"self":[{"href":"https:\/\/www.ledomainedelaregaliere.fr\/en\/wp-json\/wp\/v2\/pages\/2434","targetHints":{"allow":["GET"]}}],"collection":[{"href":"https:\/\/www.ledomainedelaregaliere.fr\/en\/wp-json\/wp\/v2\/pages"}],"about":[{"href":"https:\/\/www.ledomainedelaregaliere.fr\/en\/wp-json\/wp\/v2\/types\/page"}],"author":[{"embeddable":true,"href":"https:\/\/www.ledomainedelaregaliere.fr\/en\/wp-json\/wp\/v2\/users\/1"}],"replies":[{"embeddable":true,"href":"https:\/\/www.ledomainedelaregaliere.fr\/en\/wp-json\/wp\/v2\/comments?post=2434"}],"version-history":[{"count":3,"href":"https:\/\/www.ledomainedelaregaliere.fr\/en\/wp-json\/wp\/v2\/pages\/2434\/revisions"}],"predecessor-version":[{"id":2584,"href":"https:\/\/www.ledomainedelaregaliere.fr\/en\/wp-json\/wp\/v2\/pages\/2434\/revisions\/2584"}],"wp:attachment":[{"href":"https:\/\/www.ledomainedelaregaliere.fr\/en\/wp-json\/wp\/v2\/media?parent=2434"}],"curies":[{"name":"wp","href":"https:\/\/api.w.org\/{rel}","templated":true}]}}