{"id":2458,"date":"2024-01-29T15:44:15","date_gmt":"2024-01-29T14:44:15","guid":{"rendered":"https:\/\/www.ledomainedelaregaliere.fr\/contact\/"},"modified":"2025-04-11T15:42:58","modified_gmt":"2025-04-11T13:42:58","slug":"contact","status":"publish","type":"page","link":"http:\/\/www.ledomainedelaregaliere.fr\/en\/contact\/","title":{"rendered":"Contact"},"content":{"rendered":"<p>[et_pb_section fb_built=&#8221;1&#8243; fullwidth=&#8221;on&#8221; module_class=&#8221;ILD_en_tete&#8221; _builder_version=&#8221;4.24.0&#8243; _module_preset=&#8221;default&#8221; locked=&#8221;off&#8221; global_colors_info=&#8221;{}&#8221;][et_pb_fullwidth_slider _builder_version=&#8221;4.24.0&#8243; _module_preset=&#8221;default&#8221; hover_enabled=&#8221;0&#8243; global_colors_info=&#8221;{}&#8221; sticky_enabled=&#8221;0&#8243;][et_pb_slide _builder_version=&#8221;4.24.0&#8243; _module_preset=&#8221;default&#8221; background_enable_color=&#8221;off&#8221; background_image=&#8221;http:\/\/www.ledomainedelaregaliere.fr\/wp-content\/uploads\/2024\/04\/img_contact_hotel_restaurant_domaine_de_la_regaliere_anduze.webp&#8221; background_enable_image=&#8221;on&#8221; background_position=&#8221;bottom_center&#8221; hover_enabled=&#8221;0&#8243; global_colors_info=&#8221;{}&#8221; sticky_transition=&#8221;on&#8221; alt=&#8221;Contactez notre h\u00f4tel et restaurant : le domaine de la R\u00e9gali\u00e8re aux portes des C\u00e9vennes \u00e0 Anduze&#8221; title_text=&#8221;Contactez notre h\u00f4tel et restaurant : le domaine de la R\u00e9gali\u00e8re aux portes des C\u00e9vennes \u00e0 Anduze&#8221; sticky_enabled=&#8221;0&#8243;][\/et_pb_slide][\/et_pb_fullwidth_slider][\/et_pb_section][et_pb_section fb_built=&#8221;1&#8243; _builder_version=&#8221;4.24.0&#8243; _module_preset=&#8221;default&#8221; locked=&#8221;off&#8221; global_colors_info=&#8221;{}&#8221;][et_pb_row module_class=&#8221;ILD_row_plus_large ILD_centrer_row&#8221; _builder_version=&#8221;4.24.0&#8243; _module_preset=&#8221;default&#8221; global_colors_info=&#8221;{}&#8221;][et_pb_column type=&#8221;4_4&#8243; _builder_version=&#8221;4.24.0&#8243; _module_preset=&#8221;default&#8221; global_colors_info=&#8221;{}&#8221;][et_pb_text module_class=&#8221;ILD_titre_bleu_h1&#8243; _builder_version=&#8221;4.24.0&#8243; _module_preset=&#8221;default&#8221; global_colors_info=&#8221;{}&#8221;]<\/p>\n<h1 class=\"ILD_texte_gras\" style=\"text-align: center;\">Contact our hotel and restaurant in Anduze<\/h1>\n<h2> <\/h2>\n<h2 style=\"text-align: center;\">All the information to book your table or your stay near the C\u00e9vennes<\/h2>\n<p>&nbsp;<\/p>\n<p style=\"text-align: center;\"><strong>Domaine of the R\u00e9gali\u00e8re<\/strong>, located in <strong>Anduze<\/strong>, is a space of tranquility, comfort, and friendliness, offering a variety of <strong>accommodations <\/strong>and services tailored to everyone\u2019s needs. With elegantly appointed <strong>rooms<\/strong>, fully <strong>equipped studios<\/strong>, and privileged access to facilities such as a <strong>pool and terrace<\/strong>, the <strong>domain <\/strong>promises a memorable stay in the <strong>Pi\u00e9mont C\u00e9venol<\/strong>. For any inquiries or further information, please feel free to contact our team, who will respond promptly.  <\/p>\n<p>&nbsp;<\/p>\n<p>[\/et_pb_text][et_pb_button button_url=&#8221;@ET-DC@eyJkeW5hbWljIjp0cnVlLCJjb250ZW50IjoicG9zdF9saW5rX3VybF9wYWdlIiwic2V0dGluZ3MiOnsicG9zdF9pZCI6IjE0IiwiZW5hYmxlX2h0bWwiOiJvZmYifX0=@&#8221; button_text=&#8221;Discover our different types of rooms&#8221; button_alignment=&#8221;center&#8221; module_class=&#8221;ILD_bouton_gris&#8221; _builder_version=&#8221;4.24.0&#8243; _dynamic_attributes=&#8221;button_url&#8221; _module_preset=&#8221;default&#8221; global_colors_info=&#8221;{}&#8221;][\/et_pb_button][\/et_pb_column][\/et_pb_row][et_pb_row column_structure=&#8221;1_3,1_3,1_3&#8243; _builder_version=&#8221;4.24.0&#8243; _module_preset=&#8221;default&#8221; global_colors_info=&#8221;{}&#8221;][et_pb_column type=&#8221;1_3&#8243; _builder_version=&#8221;4.24.0&#8243; _module_preset=&#8221;default&#8221; global_colors_info=&#8221;{}&#8221;][et_pb_blurb image=&#8221;http:\/\/www.ledomainedelaregaliere.fr\/wp-content\/uploads\/2024\/02\/img_adresse_domaine_la_regaliere_piemont_cevenol.png&#8221; alt=&#8221;Domaine of the R\u00e9gali\u00e8re: hotel and restaurant in Anduze, in the Gard&#8221; module_class=&#8221;ILD_height_50&#8243; _builder_version=&#8221;4.24.0&#8243; _module_preset=&#8221;default&#8221; global_colors_info=&#8221;{}&#8221;]<\/p>\n<p style=\"text-align: center;\">1435 Route de Saint Jean du Gard 30140 ANDUZE<\/p>\n<p>[\/et_pb_blurb][\/et_pb_column][et_pb_column type=&#8221;1_3&#8243; _builder_version=&#8221;4.24.0&#8243; _module_preset=&#8221;default&#8221; global_colors_info=&#8221;{}&#8221;][et_pb_blurb image=&#8221;http:\/\/www.ledomainedelaregaliere.fr\/wp-content\/uploads\/2024\/02\/img_telephone_hotel_restaurant_la_regaliere_cevennes.png&#8221; alt=&#8221;Contact Domaine of the R\u00e9gali\u00e8re to book your table or stay in Anduze&#8221; module_class=&#8221;ILD_height_50&#8243; _builder_version=&#8221;4.24.0&#8243; _module_preset=&#8221;default&#8221; global_colors_info=&#8221;{}&#8221;]<\/p>\n<p style=\"text-align: center;\"><a href=\"tel:+33466252201\">+33 (0)4 66 25 22 01<\/a><\/p>\n<p style=\"text-align: center;\"><a href=\"tel:+33623565807\">+33 (0)6 23 56 58 07<\/a><\/p>\n<p style=\"text-align: center;\"><a href=\"tel:+33624607106\">+33 (0)6 24 60 71 06<\/a><\/p>\n<p>[\/et_pb_blurb][\/et_pb_column][et_pb_column type=&#8221;1_3&#8243; _builder_version=&#8221;4.24.0&#8243; _module_preset=&#8221;default&#8221; global_colors_info=&#8221;{}&#8221;][et_pb_blurb image=&#8221;http:\/\/www.ledomainedelaregaliere.fr\/wp-content\/uploads\/2024\/02\/img_contact_mail_domaine_la_regaliere_cevennes_nimes.png&#8221; alt=&#8221;Contact our team at Domaine of the R\u00e9gali\u00e8re for more information about our restaurant or accommodations in Anduze&#8221; module_class=&#8221;ILD_height_50&#8243; _builder_version=&#8221;4.24.0&#8243; _module_preset=&#8221;default&#8221; global_colors_info=&#8221;{}&#8221;]<\/p>\n<p style=\"text-align: center;\"><a href=\"mailto:ledomainedelaregaliere@hotmail.com\">ledomainedelaregaliere@hotmail.com<\/a><\/p>\n<p>[\/et_pb_blurb][\/et_pb_column][\/et_pb_row][et_pb_row column_structure=&#8221;1_3,1_3,1_3&#8243; _builder_version=&#8221;4.24.0&#8243; _module_preset=&#8221;default&#8221; global_colors_info=&#8221;{}&#8221;][et_pb_column type=&#8221;1_3&#8243; _builder_version=&#8221;4.24.0&#8243; _module_preset=&#8221;default&#8221; global_colors_info=&#8221;{}&#8221;][\/et_pb_column][et_pb_column type=&#8221;1_3&#8243; _builder_version=&#8221;4.24.0&#8243; _module_preset=&#8221;default&#8221; global_colors_info=&#8221;{}&#8221;][et_pb_blurb image=&#8221;http:\/\/www.ledomainedelaregaliere.fr\/wp-content\/uploads\/2024\/02\/img_horaires_accueil_hotel_restaurant_anduze_gard.png&#8221; alt=&#8221;Find the opening hours of the reception at Domaine of the R\u00e9gali\u00e8re in Anduze, at the gateway to the C\u00e9vennes&#8221; module_class=&#8221;ILD_height_50&#8243; _builder_version=&#8221;4.24.0&#8243; _module_preset=&#8221;default&#8221; global_colors_info=&#8221;{}&#8221;]<\/p>\n<p style=\"text-align: center;\">Every day from 8 AM to 9 PM<\/p>\n<p>[\/et_pb_blurb][\/et_pb_column][et_pb_column type=&#8221;1_3&#8243; _builder_version=&#8221;4.24.0&#8243; _module_preset=&#8221;default&#8221; global_colors_info=&#8221;{}&#8221;][\/et_pb_column][\/et_pb_row][\/et_pb_section][et_pb_section fb_built=&#8221;1&#8243; _builder_version=&#8221;4.24.0&#8243; _module_preset=&#8221;default&#8221; background_image=&#8221;http:\/\/www.ledomainedelaregaliere.fr\/wp-content\/uploads\/2024\/04\/img_background_geometrique_domaine_regaliere_droit.webp&#8221; hover_enabled=&#8221;0&#8243; locked=&#8221;off&#8221; global_colors_info=&#8221;{}&#8221; alt=&#8221;Background Domaine de la R\u00e9gali\u00e8re&#8221; title_text=&#8221;Background Domaine de la R\u00e9gali\u00e8re&#8221; sticky_enabled=&#8221;0&#8243;][et_pb_row column_structure=&#8221;1_2,1_2&#8243; module_class=&#8221;ILD_row_plus_large ILD_centrer_row ild_non_flex_responsive&#8221; _builder_version=&#8221;4.24.0&#8243; _module_preset=&#8221;default&#8221; global_colors_info=&#8221;{}&#8221;][et_pb_column type=&#8221;1_2&#8243; _builder_version=&#8221;4.24.0&#8243; _module_preset=&#8221;default&#8221; global_colors_info=&#8221;{}&#8221;][et_pb_text module_class=&#8221;ILD_titre_marron_h2&#8243; _builder_version=&#8221;4.24.0&#8243; _module_preset=&#8221;default&#8221; global_colors_info=&#8221;{}&#8221;]<\/p>\n<h2 class=\"ILD_texte_gras\">A stay in an idyllic setting at the gateway to the C\u00e9vennes<\/h2>\n<h3> <\/h3>\n<h3>Dining, accommodation, entertainment, relaxation&#8230;<\/h3>\n<p>&nbsp;<\/p>\n<p><strong>Domaine of the R\u00e9gali\u00e8re in Anduze<\/strong> invites you to get in touch for any information, <strong>reservations<\/strong>, or special requests. Our contact form is designed to facilitate communication with us, ensuring a quick response. Whether you&#8217;re planning a <strong>relaxing stay<\/strong>, a<strong> romantic getaway,<\/strong> or an <strong>adventure in the C\u00e9vennes<\/strong>, our team is here to make your experience as enjoyable as possible.  <\/p>\n<p>[\/et_pb_text][et_pb_code module_class=&#8221;ild_formulaire_rapide&#8221; _builder_version=&#8221;4.24.0&#8243; _module_preset=&#8221;default&#8221; global_colors_info=&#8221;{}&#8221;]\n<div class=\"wpcf7 no-js\" id=\"wpcf7-f39-o1\" lang=\"fr-FR\" dir=\"ltr\" data-wpcf7-id=\"39\">\n<div class=\"screen-reader-response\"><p role=\"status\" aria-live=\"polite\" aria-atomic=\"true\"><\/p> <ul><\/ul><\/div>\n<form action=\"\/en\/wp-json\/wp\/v2\/pages\/2458#wpcf7-f39-o1\" method=\"post\" class=\"wpcf7-form init\" aria-label=\"Formulaire de contact\" novalidate=\"novalidate\" data-status=\"init\">\n<fieldset class=\"hidden-fields-container\"><input type=\"hidden\" name=\"_wpcf7\" value=\"39\" \/><input type=\"hidden\" name=\"_wpcf7_version\" value=\"6.1.5\" \/><input type=\"hidden\" name=\"_wpcf7_locale\" value=\"fr_FR\" \/><input type=\"hidden\" name=\"_wpcf7_unit_tag\" value=\"wpcf7-f39-o1\" \/><input type=\"hidden\" name=\"_wpcf7_container_post\" value=\"0\" \/><input type=\"hidden\" name=\"_wpcf7_posted_data_hash\" value=\"\" \/><input type=\"hidden\" name=\"_wpcf7_recaptcha_response\" value=\"\" \/>\n<\/fieldset>\n<div class=\"et_pb_contact\">\n\t<div class=\"ild_div_contact_flex\">\n\t\t<p class=\"clearfix ILD_demi_largeur\"><span class=\"wpcf7-form-control-wrap\" data-name=\"votre_nom\"><input size=\"40\" maxlength=\"400\" class=\"wpcf7-form-control wpcf7-text wpcf7-validates-as-required\" aria-required=\"true\" aria-invalid=\"false\" placeholder=\"* Nom\" value=\"\" type=\"text\" name=\"votre_nom\" \/><\/span>\n\t\t<\/p>\n\t\t<p class=\"clearfix ILD_demi_largeur\"><span class=\"wpcf7-form-control-wrap\" data-name=\"votre_prenom\"><input size=\"40\" maxlength=\"400\" class=\"wpcf7-form-control wpcf7-text wpcf7-validates-as-required\" aria-required=\"true\" aria-invalid=\"false\" placeholder=\"* Pr\u00e9nom\" value=\"\" type=\"text\" name=\"votre_prenom\" \/><\/span>\n\t\t<\/p>\n\t<\/div>\n\t<div class=\"ild_div_contact_flex\">\n\t\t<p class=\"clearfix ILD_demi_largeur\"><span class=\"wpcf7-form-control-wrap\" data-name=\"votre_telephone\"><input size=\"40\" maxlength=\"400\" class=\"wpcf7-form-control wpcf7-tel wpcf7-validates-as-required wpcf7-text wpcf7-validates-as-tel\" aria-required=\"true\" aria-invalid=\"false\" placeholder=\"* T\u00e9l\u00e9phone\" value=\"\" type=\"tel\" name=\"votre_telephone\" \/><\/span>\n\t\t<\/p>\n\t\t<p class=\"clearfix ILD_demi_largeur\"><span class=\"wpcf7-form-control-wrap\" data-name=\"votre_email\"><input size=\"40\" maxlength=\"400\" class=\"wpcf7-form-control wpcf7-email wpcf7-validates-as-required wpcf7-text wpcf7-validates-as-email\" aria-required=\"true\" aria-invalid=\"false\" placeholder=\"* Email\" value=\"\" type=\"email\" name=\"votre_email\" \/><\/span>\n\t\t<\/p>\n\t<\/div>\n\t<p class=\"clearfix ILD_champ_textarea\"><span class=\"wpcf7-form-control-wrap\" data-name=\"votre_message\"><textarea cols=\"40\" rows=\"5\" maxlength=\"2000\" class=\"wpcf7-form-control wpcf7-textarea\" aria-invalid=\"false\" placeholder=\"Votre message\" name=\"votre_message\"><\/textarea><\/span>\n\t<\/p>\n\t<p class=\"clearfix\" style=\"width: 99%; margin: 0 .5%;\"><span class=\"wpcf7-form-control-wrap\" data-name=\"ild_rgpd\"><span class=\"wpcf7-form-control wpcf7-checkbox wpcf7-validates-as-required wpcf7-exclusive-checkbox\" id=\"ild_rgpd\"><span class=\"wpcf7-list-item first last\"><label><input type=\"checkbox\" name=\"ild_rgpd\" value=\"En soumettant ce formulaire, j&#039;accepte que les informations saisies soient exploit\u00e9es dans le cadre de la relation commerciale qui peut en d\u00e9couler.\" \/><span class=\"wpcf7-list-item-label\">En soumettant ce formulaire, j&#039;accepte que les informations saisies soient exploit\u00e9es dans le cadre de la relation commerciale qui peut en d\u00e9couler.<\/span><\/label><\/span><\/span><\/span>\n\t<\/p>\n\t<div class=\"ILD_bouton_envoyer\" style=\"margin-top: 25px;\">\n\t\t<p><button type=\"submit\" class=\"et_pb_button ILD_bouton_marron\">Envoyer<\/button>\n\t\t<\/p>\n\t<\/div>\n<\/div><input type='hidden' class='wpcf7-pum' value='{\"closepopup\":false,\"closedelay\":0,\"openpopup\":false,\"openpopup_id\":0}' \/><div class=\"wpcf7-response-output\" aria-hidden=\"true\"><\/div>\n<\/form>\n<\/div>\n[\/et_pb_code][\/et_pb_column][et_pb_column type=&#8221;1_2&#8243; _builder_version=&#8221;4.24.0&#8243; _module_preset=&#8221;default&#8221; global_colors_info=&#8221;{}&#8221;][et_pb_image src=&#8221;http:\/\/www.ledomainedelaregaliere.fr\/wp-content\/uploads\/2024\/02\/img_contacter_hotel_restaurant_domaine_de_la_regaliere_anduze.jpg&#8221; alt=&#8221;Book your hotel or restaurant at Domaine of the R\u00e9gali\u00e8re in the Pi\u00e9mont C\u00e9venol&#8221; title_text=&#8221;Book your hotel or restaurant at Domaine of the R\u00e9gali\u00e8re in the Pi\u00e9mont C\u00e9venol&#8221; module_class=&#8221;ild_img_plein_ecran_responsive&#8221; _builder_version=&#8221;4.24.0&#8243; _module_preset=&#8221;default&#8221; global_colors_info=&#8221;{}&#8221;][\/et_pb_image][\/et_pb_column][\/et_pb_row][\/et_pb_section][et_pb_section fb_built=&#8221;1&#8243; module_class=&#8221;ILD_padding_top_0 ILD_padding_bottom_0 &#8221; _builder_version=&#8221;4.24.0&#8243; _module_preset=&#8221;default&#8221; global_colors_info=&#8221;{}&#8221;][et_pb_row module_class=&#8221;ILD_row_pleine_largeur ILD_padding_top_0 ILD_padding_bottom_0&#8243; _builder_version=&#8221;4.24.0&#8243; _module_preset=&#8221;default&#8221; global_colors_info=&#8221;{}&#8221;][et_pb_column type=&#8221;4_4&#8243; _builder_version=&#8221;4.24.0&#8243; _module_preset=&#8221;default&#8221; global_colors_info=&#8221;{}&#8221;][et_pb_code module_class=&#8221;ILD_margin_bottom_0&#8243; _builder_version=&#8221;4.24.0&#8243; _module_preset=&#8221;default&#8221; global_colors_info=&#8221;{}&#8221;]<iframe src=\"https:\/\/www.google.com\/maps\/embed?pb=!1m18!1m12!1m3!1d2866.9542984745854!2d3.9698037780039455!3d44.0636523257849!2m3!1f0!2f0!3f0!3m2!1i1024!2i768!4f13.1!3m3!1m2!1s0x12b46c8a17bf4387%3A0xb3fa597a0091a109!2sLogis%20H%C3%B4tel%20le%20Domaine%20de%20la%20R%C3%A9gali%C3%A8re!5e0!3m2!1sfr!2sfr!4v1709048903542!5m2!1sfr!2sfr\" width=\"100%\" height=\"800\" style=\"border:0;\" allowfullscreen=\"\" loading=\"lazy\" referrerpolicy=\"no-referrer-when-downgrade\">  TEST<\/iframe><!-- [et_pb_line_break_holder] -->[\/et_pb_code][\/et_pb_column][\/et_pb_row][et_pb_row module_class=&#8221;ILD_background_blanc ILD_padding_20 ILD_texte_map&#8221; _builder_version=&#8221;4.24.0&#8243; _module_preset=&#8221;default&#8221; global_colors_info=&#8221;{}&#8221;][et_pb_column type=&#8221;4_4&#8243; _builder_version=&#8221;4.24.0&#8243; _module_preset=&#8221;default&#8221; global_colors_info=&#8221;{}&#8221;][et_pb_text module_class=&#8221;ILD_titre_bleu &#8221; _builder_version=&#8221;4.24.0&#8243; _module_preset=&#8221;default&#8221; locked=&#8221;off&#8221; global_colors_info=&#8221;{}&#8221;]<\/p>\n<h2 class=\"ILD_texte_gras\" style=\"text-align: center;\">Stay at our Domaine of the R\u00e9gali\u00e8re property<\/h2>\n<p>&nbsp;<\/p>\n<p style=\"text-align: center;\"><strong>Domaine of the R\u00e9gali\u00e8re in the Pi\u00e9mont C\u00e9venol<\/strong> offers <strong>charming accommodation<\/strong> with a <strong>restaurant<\/strong>, <strong>pool<\/strong>, terrace, and various activities. Guests can enjoy <a href=\"#\">bike rentals<\/a>, play areas, and private parking available for their use The property also offers <a href=\"#\">picnic <\/a>options for <a href=\"https:\/\/www.piemont-cevenol-tourisme.com\/commerce-et-service\/les-virees-cevenoles\/\" target=\"_blank\" rel=\"noopener\">exploring the <strong>C\u00e9vennes <\/strong>and the surrounding area<\/a>.<\/p>\n<p>&nbsp;<\/p>\n<p style=\"text-align: center;\"><a class=\"ILD_bouton_gris_simple\" href=\"https:\/\/www.ledomainedelaregaliere.fr\/visite-tourisme-anduze-hotel-restaurant\/\">Our tips for exploring the Pi\u00e9mont C\u00e9venol<\/a><\/p>\n<p>[\/et_pb_text][\/et_pb_column][\/et_pb_row][\/et_pb_section]<\/p>\n","protected":false},"excerpt":{"rendered":"<p>Contact our hotel and restaurant in Anduze All the information to book your table or your stay near the C\u00e9vennes &nbsp; Domaine of the R\u00e9gali\u00e8re, located in Anduze, is a space of tranquility, comfort, and friendliness, offering a variety of accommodations and services tailored to everyone\u2019s needs. With elegantly appointed rooms, fully equipped studios, and [&hellip;]<\/p>\n","protected":false},"author":1,"featured_media":0,"parent":0,"menu_order":0,"comment_status":"closed","ping_status":"closed","template":"","meta":{"_et_pb_use_builder":"on","_et_pb_old_content":"","_et_gb_content_width":"","footnotes":""},"class_list":["post-2458","page","type-page","status-publish","hentry"],"jetpack_sharing_enabled":true,"_links":{"self":[{"href":"http:\/\/www.ledomainedelaregaliere.fr\/en\/wp-json\/wp\/v2\/pages\/2458","targetHints":{"allow":["GET"]}}],"collection":[{"href":"http:\/\/www.ledomainedelaregaliere.fr\/en\/wp-json\/wp\/v2\/pages"}],"about":[{"href":"http:\/\/www.ledomainedelaregaliere.fr\/en\/wp-json\/wp\/v2\/types\/page"}],"author":[{"embeddable":true,"href":"http:\/\/www.ledomainedelaregaliere.fr\/en\/wp-json\/wp\/v2\/users\/1"}],"replies":[{"embeddable":true,"href":"http:\/\/www.ledomainedelaregaliere.fr\/en\/wp-json\/wp\/v2\/comments?post=2458"}],"version-history":[{"count":2,"href":"http:\/\/www.ledomainedelaregaliere.fr\/en\/wp-json\/wp\/v2\/pages\/2458\/revisions"}],"predecessor-version":[{"id":2460,"href":"http:\/\/www.ledomainedelaregaliere.fr\/en\/wp-json\/wp\/v2\/pages\/2458\/revisions\/2460"}],"wp:attachment":[{"href":"http:\/\/www.ledomainedelaregaliere.fr\/en\/wp-json\/wp\/v2\/media?parent=2458"}],"curies":[{"name":"wp","href":"https:\/\/api.w.org\/{rel}","templated":true}]}}