{"id":2427,"date":"2024-01-29T15:35:29","date_gmt":"2024-01-29T14:35:29","guid":{"rendered":"https:\/\/www.ledomainedelaregaliere.fr\/home\/"},"modified":"2025-04-17T14:15:07","modified_gmt":"2025-04-17T12:15:07","slug":"home","status":"publish","type":"page","link":"http:\/\/www.ledomainedelaregaliere.fr\/en\/","title":{"rendered":"Home"},"content":{"rendered":"<p>[et_pb_section fb_built=&#8221;1&#8243; fullwidth=&#8221;on&#8221; _builder_version=&#8221;4.24.0&#8243; _module_preset=&#8221;default&#8221; global_colors_info=&#8221;{}&#8221;][et_pb_fullwidth_slider module_class=&#8221;ILD_ombre  ILD_bouton_slider ILD_padding_slider&#8221; _builder_version=&#8221;4.24.0&#8243; _module_preset=&#8221;default&#8221; global_colors_info=&#8221;{}&#8221;][et_pb_slide button_text=&#8221;Book your night at the hotel&#8221; button_link=&#8221;https:\/\/premium.logishotels.com\/fo\/booking\/233\/186450\/&#8221; url_new_window=&#8221;on&#8221; _builder_version=&#8221;4.24.0&#8243; _module_preset=&#8221;default&#8221; background_enable_color=&#8221;off&#8221; background_image=&#8221;http:\/\/www.ledomainedelaregaliere.fr\/wp-content\/uploads\/2024\/05\/img_domaine_de_la_regaliere_anduze.webp&#8221; background_enable_image=&#8221;on&#8221; background_position=&#8221;bottom_center&#8221; button_icon=&#8221;&#x35;||divi||400&#8243; button_icon_color=&#8221;#FFFFFF&#8221; button_alignment=&#8221;center&#8221; global_colors_info=&#8221;{}&#8221; sticky_transition=&#8221;on&#8221;]<\/p>\n<h1 class=\"ILD_texte_gras\" style=\"text-align: center;\">The Domaine of the R\u00e9gali\u00e8re hotel and restaurant at the gateway to the C\u00e9vennes<\/h1>\n<h2> <\/h2>\n<h2 style=\"text-align: center;\">Book your stay in Anduze<\/h2>\n<p>&nbsp;<\/p>\n<p style=\"text-align: center;\">Located just two kilometers from the center of Anduze and at the gateway to the C\u00e9vennes, Domaine of the R\u00e9gali\u00e8re offers a cozy and charming setting for a truly relaxing stay.<\/p>\n<p>[\/et_pb_slide][\/et_pb_fullwidth_slider][\/et_pb_section][et_pb_section fb_built=&#8221;1&#8243; _builder_version=&#8221;4.24.0&#8243; _module_preset=&#8221;default&#8221; global_colors_info=&#8221;{}&#8221;][et_pb_row column_structure=&#8221;1_2,1_2&#8243; module_class=&#8221;ILD_row_plus_large ILD_centrer_row ild_non_flex_responsive&#8221; _builder_version=&#8221;4.24.0&#8243; _module_preset=&#8221;default&#8221; global_colors_info=&#8221;{}&#8221;][et_pb_column type=&#8221;1_2&#8243; _builder_version=&#8221;4.24.0&#8243; _module_preset=&#8221;default&#8221; global_colors_info=&#8221;{}&#8221;][et_pb_image src=&#8221;http:\/\/www.ledomainedelaregaliere.fr\/wp-content\/uploads\/2025\/04\/img_hotel_restaurant_portes_cevennes_anduze_gard.jpg&#8221; alt=&#8221;Domaine of the R\u00e9gali\u00e8re: a hotel and restaurant at the gateway to the C\u00e9vennes&#8221; title_text=&#8221;Domaine of the R\u00e9gali\u00e8re: a hotel and restaurant at the gateway to the C\u00e9vennes&#8221; module_class=&#8221;ild_img_plein_ecran_responsive&#8221; _builder_version=&#8221;4.24.0&#8243; _module_preset=&#8221;default&#8221; global_colors_info=&#8221;{}&#8221;][\/et_pb_image][\/et_pb_column][et_pb_column type=&#8221;1_2&#8243; _builder_version=&#8221;4.24.0&#8243; _module_preset=&#8221;default&#8221; global_colors_info=&#8221;{}&#8221;][et_pb_text module_class=&#8221;ILD_titre_bleu&#8221; _builder_version=&#8221;4.24.0&#8243; _module_preset=&#8221;default&#8221; global_colors_info=&#8221;{}&#8221;]<\/p>\n<h2 class=\"ILD_texte_gras\">Your escape to our charming hotel<\/h2>\n<p>&nbsp;<\/p>\n<h3>Relaxation and well-being <\/h3>\n<p>&nbsp;<\/p>\n<p>Set in a beautiful 19th-century residence, our hotel combines modern comfort with old-world charm. With 14 cozy <strong>rooms<\/strong>, it&#8217;s the perfect retreat for couples, families, and travelers seeking peace and serenity. Each <strong>room <\/strong>is equipped with reversible air conditioning and offers optimal comfort, tasteful decor, and premium bedding for your <strong>stay in Anduze<\/strong>. <\/p>\n<p>[\/et_pb_text][et_pb_button button_url=&#8221;@ET-DC@eyJkeW5hbWljIjp0cnVlLCJjb250ZW50IjoicG9zdF9saW5rX3VybF9wYWdlIiwic2V0dGluZ3MiOnsicG9zdF9pZCI6IjE0In19@&#8221; button_text=&#8221;Discover our rooms just steps from the C\u00e9vennes&#8221; module_class=&#8221;ILD_bouton_gris&#8221; _builder_version=&#8221;4.24.0&#8243; _dynamic_attributes=&#8221;button_url&#8221; _module_preset=&#8221;default&#8221; global_colors_info=&#8221;{}&#8221;][\/et_pb_button][\/et_pb_column][\/et_pb_row][\/et_pb_section][et_pb_section fb_built=&#8221;1&#8243; _builder_version=&#8221;4.24.0&#8243; _module_preset=&#8221;default&#8221; background_image=&#8221;http:\/\/www.ledomainedelaregaliere.fr\/wp-content\/uploads\/2024\/04\/img_sejour_vacances_hotel_anduze.webp&#8221; global_colors_info=&#8221;{}&#8221;][et_pb_row column_structure=&#8221;3_5,2_5&#8243; module_class=&#8221;ILD_row_plus_large&#8221; _builder_version=&#8221;4.24.0&#8243; _module_preset=&#8221;default&#8221; global_colors_info=&#8221;{}&#8221;][et_pb_column type=&#8221;3_5&#8243; _builder_version=&#8221;4.24.0&#8243; _module_preset=&#8221;default&#8221; global_colors_info=&#8221;{}&#8221;][\/et_pb_column][et_pb_column type=&#8221;2_5&#8243; module_class=&#8221;ILD_background_blanc ILD_padding_20&#8243; _builder_version=&#8221;4.24.0&#8243; _module_preset=&#8221;default&#8221; global_colors_info=&#8221;{}&#8221;][et_pb_text module_class=&#8221;ILD_titre_marron&#8221; _builder_version=&#8221;4.24.0&#8243; _module_preset=&#8221;default&#8221; global_colors_info=&#8221;{}&#8221;]<\/p>\n<h3 class=\"ILD_texte_gras\" style=\"text-align: center;\">A quality stay in the Pi\u00e9mont C\u00e9venol<\/h3>\n<p>&nbsp;<\/p>\n<p style=\"text-align: center;\"><strong>Domaine of the R\u00e9gali\u00e8re<\/strong> is the perfect place to unwind and explore the region. The <strong>outdoor pool <\/strong>offers a peaceful setting for relaxation. For <a href=\"https:\/\/bambou-canyon.com\/\" target=\"_blank\" rel=\"noopener\">adventure seekers<\/a>, the <strong>hotel <\/strong>provides <strong>bike rentals<\/strong> to discover the beauty of the <strong>Gard <\/strong>and the <strong>C\u00e9vennes<\/strong>. A picnic basket service is also available to accompany your days of exploring this region, rich in cultural and natural heritage.   <\/p>\n<p>[\/et_pb_text][et_pb_button button_url=&#8221;@ET-DC@eyJkeW5hbWljIjp0cnVlLCJjb250ZW50IjoicG9zdF9saW5rX3VybF9wYWdlIiwic2V0dGluZ3MiOnsicG9zdF9pZCI6IjE4In19@&#8221; button_text=&#8221;Learn more about the heritage of Anduze&#8221; button_alignment=&#8221;center&#8221; module_class=&#8221;ILD_bouton_marron_simple&#8221; _builder_version=&#8221;4.24.0&#8243; _dynamic_attributes=&#8221;button_url&#8221; _module_preset=&#8221;default&#8221; global_colors_info=&#8221;{}&#8221;][\/et_pb_button][\/et_pb_column][\/et_pb_row][\/et_pb_section][et_pb_section fb_built=&#8221;1&#8243; _builder_version=&#8221;4.24.0&#8243; _module_preset=&#8221;default&#8221; background_image=&#8221;http:\/\/www.ledomainedelaregaliere.fr\/wp-content\/uploads\/2024\/04\/img_background_geometrique_domaine_regaliere.webp&#8221; global_colors_info=&#8221;{}&#8221;][et_pb_row _builder_version=&#8221;4.24.0&#8243; _module_preset=&#8221;default&#8221; global_colors_info=&#8221;{}&#8221;][et_pb_column type=&#8221;4_4&#8243; _builder_version=&#8221;4.24.0&#8243; _module_preset=&#8221;default&#8221; global_colors_info=&#8221;{}&#8221;][et_pb_text module_class=&#8221;ILD_titre_bleu&#8221; _builder_version=&#8221;4.24.0&#8243; _module_preset=&#8221;default&#8221; global_colors_info=&#8221;{}&#8221;]<\/p>\n<h2 class=\"ILD_texte_gras\" style=\"text-align: center;\">Hotel, Restaurant, and Entertainment at Domaine of the R\u00e9gali\u00e8re<\/h2>\n<h3> <\/h3>\n<h3 style=\"text-align: center;\">Refreshment and relaxation under the Anduze sun<\/h3>\n<p>[\/et_pb_text][\/et_pb_column][\/et_pb_row][et_pb_row column_structure=&#8221;1_2,1_2&#8243; make_equal=&#8221;on&#8221; module_class=&#8221;ILD_row_plus_large ILD_deux_colonnes  ILD_large &#8221; _builder_version=&#8221;4.24.0&#8243; _module_preset=&#8221;default&#8221; global_colors_info=&#8221;{}&#8221;][et_pb_column type=&#8221;1_2&#8243; module_class=&#8221;ILD_display_flex ILD_background_blanc ild_flex_colonne_tel&#8221; _builder_version=&#8221;4.24.0&#8243; _module_preset=&#8221;default&#8221; global_colors_info=&#8221;{}&#8221;][et_pb_code disabled_on=&#8221;on|on|off&#8221; module_class=&#8221;ILD_code_colonne_gauche&#8221; _builder_version=&#8221;4.24.0&#8243; _module_preset=&#8221;default&#8221; background_image=&#8221;http:\/\/www.ledomainedelaregaliere.fr\/wp-content\/uploads\/2025\/04\/img_chambre_superieur_triple_3_personnes_hotel_cevennes.webp&#8221; global_colors_info=&#8221;{}&#8221;][\/et_pb_code][et_pb_image src=&#8221;http:\/\/www.ledomainedelaregaliere.fr\/wp-content\/uploads\/2025\/04\/img_chambre_superieur_triple_3_personnes_hotel_cevennes.webp&#8221; alt=&#8221;Discover the Superior Triple Room at Domaine of the R\u00e9gali\u00e8re, at the gateway to the C\u00e9vennes&#8221; title_text=&#8221;Discover the Superior Triple Room at Domaine of the R\u00e9gali\u00e8re, at the gateway to the C\u00e9vennes&#8221; disabled_on=&#8221;off|off|on&#8221; module_class=&#8221;ILD_width_50 ILD_margin_bottom_0&#8243; _builder_version=&#8221;4.24.0&#8243; _module_preset=&#8221;default&#8221; global_colors_info=&#8221;{}&#8221;][\/et_pb_image][et_pb_text module_class=&#8221;ILD_padding_20 ILD_width_50&#8243; _builder_version=&#8221;4.24.0&#8243; _module_preset=&#8221;default&#8221; global_colors_info=&#8221;{}&#8221;]<\/p>\n<h4 class=\"ILD_texte_gras\">Hotel the R\u00e9gali\u00e8re in the C\u00e9vennes<\/h4>\n<p>&nbsp;<\/p>\n<p>Each<strong> room in our hotel<\/strong> is designed to welcome guests comfortably year-round, combining elegance with modern comfort. Two <strong>rooms <\/strong>are located on the ground floor, each with a private terrace and separate entrance, including one that is accessible to<strong> guests with reduced mobility<\/strong>. <\/p>\n<p>&nbsp;<\/p>\n<p style=\"text-align: left;\"><a class=\"ILD_bouton_gris_simple et_pb_button\" href=\"https:\/\/www.ledomainedelaregaliere.fr\/hotel-chambre-piscine-anduze\/\" target=\"_blank\" rel=\"noopener\">Discover our rooms<\/a><\/p>\n<p>[\/et_pb_text][\/et_pb_column][et_pb_column type=&#8221;1_2&#8243; module_class=&#8221;ILD_display_flex ILD_background_blanc ild_flex_colonne_tel&#8221; _builder_version=&#8221;4.24.0&#8243; _module_preset=&#8221;default&#8221; global_colors_info=&#8221;{}&#8221;][et_pb_code disabled_on=&#8221;on|on|off&#8221; module_class=&#8221;ILD_code_colonne_gauche&#8221; _builder_version=&#8221;4.24.0&#8243; _module_preset=&#8221;default&#8221; background_image=&#8221;http:\/\/www.ledomainedelaregaliere.fr\/wp-content\/uploads\/2024\/04\/img_restaurant_domaine_de_la_regaliere_anduze.webp&#8221; global_colors_info=&#8221;{}&#8221;][\/et_pb_code][et_pb_image src=&#8221;http:\/\/www.ledomainedelaregaliere.fr\/wp-content\/uploads\/2024\/04\/img_restaurant_domaine_de_la_regaliere_anduze.webp&#8221; alt=&#8221;Discover Domaine of the R\u00e9gali\u00e8re and its restaurant at the gateway to the C\u00e9vennes&#8221; title_text=&#8221;Discover Domaine of the R\u00e9gali\u00e8re and its restaurant at the gateway to the C\u00e9vennes&#8221; disabled_on=&#8221;off|off|on&#8221; module_class=&#8221;ILD_width_50 ILD_margin_bottom_0&#8243; _builder_version=&#8221;4.24.0&#8243; _module_preset=&#8221;default&#8221; global_colors_info=&#8221;{}&#8221;][\/et_pb_image][et_pb_text module_class=&#8221;ILD_padding_20 ILD_width_50&#8243; _builder_version=&#8221;4.24.0&#8243; _module_preset=&#8221;default&#8221; global_colors_info=&#8221;{}&#8221;]<\/p>\n<h4 class=\"ILD_texte_gras\">Restaurant: Local and authentic cuisine<\/h4>\n<p>&nbsp;<\/p>\n<p>The<strong> restaurant at Domaine oh the R\u00e9gali\u00e8re<\/strong> offers an authentic and flavorful dining experience, whether you choose to enjoy it indoors or on the <strong>shaded terrace<\/strong>. The <strong>bar <\/strong>features a wide selection for every moment of the day \u2014 from aperitifs and<strong> poolside cocktails<\/strong> to digestifs for a perfect ending. <\/p>\n<p>&nbsp;<\/p>\n<p><a class=\"ILD_bouton_gris_simple et_pb_button\" href=\"https:\/\/www.ledomainedelaregaliere.fr\/restaurant\/\">Our restaurant near the C\u00e9vennes<\/a>[\/et_pb_text][\/et_pb_column][\/et_pb_row][et_pb_row column_structure=&#8221;1_2,1_2&#8243; make_equal=&#8221;on&#8221; module_class=&#8221;ILD_row_plus_large ILD_deux_colonnes  ILD_large&#8221; _builder_version=&#8221;4.24.0&#8243; _module_preset=&#8221;default&#8221; global_colors_info=&#8221;{}&#8221;][et_pb_column type=&#8221;1_2&#8243; module_class=&#8221;ILD_display_flex ILD_background_blanc ild_flex_colonne_tel ild_column_reverse_responsive&#8221; _builder_version=&#8221;4.24.0&#8243; _module_preset=&#8221;default&#8221; global_colors_info=&#8221;{}&#8221;][et_pb_text disabled_on=&#8221;off|off|off&#8221; module_class=&#8221;ILD_padding_20 ILD_width_50&#8243; _builder_version=&#8221;4.24.0&#8243; _module_preset=&#8221;default&#8221; global_colors_info=&#8221;{}&#8221;]<\/p>\n<h4 class=\"ILD_texte_gras\">The estate in photos<\/h4>\n<p>&nbsp;<\/p>\n<p><strong>Domaine of the R\u00e9gali\u00e8re<\/strong> is a <strong>hotel and restaurant<\/strong> offering a large private car park, a shelter for motorbikes, and a bicycle garage. The photos provide a true glimpse of the estate, its terrace, and the pool that surround this vibrant place of life. <\/p>\n<p>&nbsp;<\/p>\n<p><a class=\"ILD_bouton_gris_simple et_pb_button\" href=\"https:\/\/www.ledomainedelaregaliere.fr\/photo-domaine-hotel-restaurant\/\">Domaine of the R\u00e9gali\u00e8re in Photos<\/a><\/p>\n<p>[\/et_pb_text][et_pb_code disabled_on=&#8221;on|on|off&#8221; module_class=&#8221;ILD_code_colonne_droit&#8221; _builder_version=&#8221;4.24.0&#8243; _module_preset=&#8221;default&#8221; background_image=&#8221;http:\/\/www.ledomainedelaregaliere.fr\/wp-content\/uploads\/2024\/04\/img_hotel_restaurant_piscine_sejour_anduze.webp&#8221; global_colors_info=&#8221;{}&#8221;][\/et_pb_code][et_pb_image src=&#8221;http:\/\/www.ledomainedelaregaliere.fr\/wp-content\/uploads\/2024\/04\/img_hotel_restaurant_piscine_sejour_anduze.webp&#8221; alt=&#8221;Hotel, restaurant, and pool for a stay in Anduze, in the heart of the C\u00e9vennes&#8221; title_text=&#8221;Hotel, restaurant, and pool for a stay in Anduze, in the heart of the C\u00e9vennes&#8221; disabled_on=&#8221;off|off|on&#8221; module_class=&#8221;ILD_width_50 ILD_margin_bottom_0&#8243; _builder_version=&#8221;4.24.0&#8243; _module_preset=&#8221;default&#8221; global_colors_info=&#8221;{}&#8221;][\/et_pb_image][\/et_pb_column][et_pb_column type=&#8221;1_2&#8243; module_class=&#8221;ILD_display_flex ILD_background_blanc ild_flex_colonne_tel ild_column_reverse_responsive&#8221; _builder_version=&#8221;4.24.0&#8243; _module_preset=&#8221;default&#8221; global_colors_info=&#8221;{}&#8221;][et_pb_text disabled_on=&#8221;off|off|off&#8221; module_class=&#8221;ILD_padding_20 ILD_width_50&#8243; _builder_version=&#8221;4.24.0&#8243; _module_preset=&#8221;default&#8221; global_colors_info=&#8221;{}&#8221;]<\/p>\n<h4 class=\"ILD_texte_gras\">Discover the region<\/h4>\n<p>&nbsp;<\/p>\n<p>Located in <strong>Anduze<\/strong>, <strong>Domaine of the R\u00e9gali\u00e8re<\/strong> is the perfect starting point for exploring the <strong>C\u00e9vennes<\/strong>. Nature and history lovers will enjoy a wide range of activities: hiking, the famous Bambouseraie of Prafrance, the <strong>C\u00e9vennes <\/strong>steam train\u2026 Our team is here to guide you along the way.  <\/p>\n<p>&nbsp;<\/p>\n<p><a class=\"ILD_bouton_gris_simple et_pb_button\" href=\"https:\/\/www.ledomainedelaregaliere.fr\/visite-tourisme-anduze-hotel-restaurant\/\">Learn more about the surroundings<\/a><\/p>\n<p>[\/et_pb_text][et_pb_code disabled_on=&#8221;on|on|off&#8221; module_class=&#8221;ILD_code_colonne_droit&#8221; _builder_version=&#8221;4.24.0&#8243; _module_preset=&#8221;default&#8221; background_image=&#8221;http:\/\/www.ledomainedelaregaliere.fr\/wp-content\/uploads\/2024\/04\/img_decouverte_region_anduze_hebergement_hotel.webp&#8221; global_colors_info=&#8221;{}&#8221;][\/et_pb_code][et_pb_image src=&#8221;http:\/\/www.ledomainedelaregaliere.fr\/wp-content\/uploads\/2024\/01\/img_decouverte_region_anduze_hebergement_hotel.jpg&#8221; alt=&#8221;Book your room at Domaine of the R\u00e9gali\u00e8re for your stay in Anduze&#8221; title_text=&#8221;Book your room at Domaine of the R\u00e9gali\u00e8re for your stay in Anduze&#8221; disabled_on=&#8221;off|off|on&#8221; module_class=&#8221;ILD_width_50 ILD_margin_bottom_0&#8243; _builder_version=&#8221;4.24.0&#8243; _module_preset=&#8221;default&#8221; global_colors_info=&#8221;{}&#8221;][\/et_pb_image][\/et_pb_column][\/et_pb_row][\/et_pb_section][et_pb_section fb_built=&#8221;1&#8243; _builder_version=&#8221;4.24.0&#8243; _module_preset=&#8221;default&#8221; global_colors_info=&#8221;{}&#8221;][et_pb_row _builder_version=&#8221;4.24.0&#8243; _module_preset=&#8221;default&#8221; global_colors_info=&#8221;{}&#8221;][et_pb_column type=&#8221;4_4&#8243; _builder_version=&#8221;4.24.0&#8243; _module_preset=&#8221;default&#8221; global_colors_info=&#8221;{}&#8221;][et_pb_text module_class=&#8221;ILD_titre_marron_h2&#8243; _builder_version=&#8221;4.24.0&#8243; _module_preset=&#8221;default&#8221; global_colors_info=&#8221;{}&#8221;]<\/p>\n<h2 class=\"ILD_texte_gras\" style=\"text-align: center;\">All the latest news from Domaine of the R\u00e9gali\u00e8re<\/h2>\n<h3 style=\"text-align: center;\"> <\/h3>\n<h3 style=\"text-align: center;\">Discover our offers, services, and regional experiences<\/h3>\n<p>[\/et_pb_text][\/et_pb_column][\/et_pb_row][et_pb_row module_class=&#8221;ILD_row_plus_large&#8221; _builder_version=&#8221;4.24.0&#8243; _module_preset=&#8221;default&#8221; global_colors_info=&#8221;{}&#8221;][et_pb_column type=&#8221;4_4&#8243; _builder_version=&#8221;4.24.0&#8243; _module_preset=&#8221;default&#8221; global_colors_info=&#8221;{}&#8221;][et_pb_blog fullwidth=&#8221;off&#8221; posts_number=&#8221;3&#8243; include_categories=&#8221;2&#8243; excerpt_length=&#8221;150&#8243; show_more=&#8221;on&#8221; show_author=&#8221;off&#8221; show_date=&#8221;off&#8221; show_categories=&#8221;off&#8221; show_pagination=&#8221;off&#8221; module_class=&#8221;ILD_titre_blanc ILD_texte_blanc ILD_titre_gras ILD_bouton_marron_article ILD_background_noir_transparent ILD_articles_blog&#8221; _builder_version=&#8221;4.24.0&#8243; _module_preset=&#8221;default&#8221; global_colors_info=&#8221;{}&#8221;][\/et_pb_blog][\/et_pb_column][\/et_pb_row][\/et_pb_section]<\/p>\n","protected":false},"excerpt":{"rendered":"<p>The Domaine of the R\u00e9gali\u00e8re hotel and restaurant at the gateway to the C\u00e9vennes Book your stay in Anduze &nbsp; Located just two kilometers from the center of Anduze and at the gateway to the C\u00e9vennes, Domaine of the R\u00e9gali\u00e8re offers a cozy and charming setting for a truly relaxing stay.Your escape to our charming [&hellip;]<\/p>\n","protected":false},"author":1,"featured_media":0,"parent":0,"menu_order":0,"comment_status":"closed","ping_status":"closed","template":"","meta":{"_et_pb_use_builder":"on","_et_pb_old_content":"","_et_gb_content_width":"","footnotes":""},"class_list":["post-2427","page","type-page","status-publish","hentry"],"jetpack_sharing_enabled":true,"_links":{"self":[{"href":"http:\/\/www.ledomainedelaregaliere.fr\/en\/wp-json\/wp\/v2\/pages\/2427","targetHints":{"allow":["GET"]}}],"collection":[{"href":"http:\/\/www.ledomainedelaregaliere.fr\/en\/wp-json\/wp\/v2\/pages"}],"about":[{"href":"http:\/\/www.ledomainedelaregaliere.fr\/en\/wp-json\/wp\/v2\/types\/page"}],"author":[{"embeddable":true,"href":"http:\/\/www.ledomainedelaregaliere.fr\/en\/wp-json\/wp\/v2\/users\/1"}],"replies":[{"embeddable":true,"href":"http:\/\/www.ledomainedelaregaliere.fr\/en\/wp-json\/wp\/v2\/comments?post=2427"}],"version-history":[{"count":6,"href":"http:\/\/www.ledomainedelaregaliere.fr\/en\/wp-json\/wp\/v2\/pages\/2427\/revisions"}],"predecessor-version":[{"id":2507,"href":"http:\/\/www.ledomainedelaregaliere.fr\/en\/wp-json\/wp\/v2\/pages\/2427\/revisions\/2507"}],"wp:attachment":[{"href":"http:\/\/www.ledomainedelaregaliere.fr\/en\/wp-json\/wp\/v2\/media?parent=2427"}],"curies":[{"name":"wp","href":"https:\/\/api.w.org\/{rel}","templated":true}]}}